{"id":477,"date":"2022-01-02T14:10:06","date_gmt":"2022-01-02T13:10:06","guid":{"rendered":"https:\/\/svkettwig07.de\/?page_id=477"},"modified":"2026-03-24T00:57:34","modified_gmt":"2026-03-23T23:57:34","slug":"kurszeiten","status":"publish","type":"page","link":"https:\/\/svkettwig07.de\/en\/kurszeiten\/","title":{"rendered":"Course Times"},"content":{"rendered":"<div data-elementor-type=\"wp-page\" data-elementor-id=\"477\" class=\"elementor elementor-477\" data-elementor-post-type=\"page\">\n\t\t\t\t\t\t<section class=\"elementor-section elementor-top-section elementor-element elementor-element-7f4d26ff elementor-section-boxed elementor-section-height-default elementor-section-height-default\" data-id=\"7f4d26ff\" data-element_type=\"section\" data-e-type=\"section\">\n\t\t\t\t\t\t<div class=\"elementor-container elementor-column-gap-default\">\n\t\t\t\t\t<div class=\"elementor-column elementor-col-33 elementor-top-column elementor-element elementor-element-25744017\" data-id=\"25744017\" data-element_type=\"column\" data-e-type=\"column\">\n\t\t\t<div class=\"elementor-widget-wrap elementor-element-populated\">\n\t\t\t\t\t\t<div class=\"elementor-element elementor-element-30ae2a75 elementor-widget elementor-widget-image\" data-id=\"30ae2a75\" data-element_type=\"widget\" data-e-type=\"widget\" data-widget_type=\"image.default\">\n\t\t\t\t<div class=\"elementor-widget-container\">\n\t\t\t\t\t\t\t\t\t\t\t\t\t\t\t<img decoding=\"async\" src=\"https:\/\/svkettwig07.de\/wp-content\/uploads\/elementor\/thumbs\/Emma-Ostern_transparent-r3xp9f3fdck0pfzhdigtjpzfjn068e195x37m7clt4.png\" title=\"Emma-Ostern_transparent\" alt=\"Emma-Ostern_transparent\" loading=\"lazy\" \/>\t\t\t\t\t\t\t\t\t\t\t\t\t\t\t<\/div>\n\t\t\t\t<\/div>\n\t\t\t\t\t<\/div>\n\t\t<\/div>\n\t\t\t\t<div class=\"elementor-column elementor-col-33 elementor-top-column elementor-element elementor-element-4a651ddb\" data-id=\"4a651ddb\" data-element_type=\"column\" data-e-type=\"column\">\n\t\t\t<div class=\"elementor-widget-wrap elementor-element-populated\">\n\t\t\t\t\t\t<div class=\"elementor-element elementor-element-533fc8b0 elementor-widget elementor-widget-heading\" data-id=\"533fc8b0\" data-element_type=\"widget\" data-e-type=\"widget\" data-widget_type=\"heading.default\">\n\t\t\t\t<div class=\"elementor-widget-container\">\n\t\t\t\t\t<h1 class=\"elementor-heading-title elementor-size-default\">Schwimmschule Tortuga<\/h1>\t\t\t\t<\/div>\n\t\t\t\t<\/div>\n\t\t\t\t<div class=\"elementor-element elementor-element-31f8d257 elementor-widget elementor-widget-heading\" data-id=\"31f8d257\" data-element_type=\"widget\" data-e-type=\"widget\" data-widget_type=\"heading.default\">\n\t\t\t\t<div class=\"elementor-widget-container\">\n\t\t\t\t\t<h2 class=\"elementor-heading-title elementor-size-default\">- SV Kettwig 1907 e.V. - <\/h2>\t\t\t\t<\/div>\n\t\t\t\t<\/div>\n\t\t\t\t\t<\/div>\n\t\t<\/div>\n\t\t\t\t<div class=\"elementor-column elementor-col-33 elementor-top-column elementor-element elementor-element-2d37f836\" data-id=\"2d37f836\" data-element_type=\"column\" data-e-type=\"column\">\n\t\t\t<div class=\"elementor-widget-wrap elementor-element-populated\">\n\t\t\t\t\t\t<div class=\"elementor-element elementor-element-414672f1 elementor-widget elementor-widget-image\" data-id=\"414672f1\" data-element_type=\"widget\" data-e-type=\"widget\" data-widget_type=\"image.default\">\n\t\t\t\t<div class=\"elementor-widget-container\">\n\t\t\t\t\t\t\t\t\t\t\t\t\t\t\t<img decoding=\"async\" src=\"https:\/\/svkettwig07.de\/wp-content\/uploads\/elementor\/thumbs\/Anton-Ostern_transparent-r3xp9yu18hfgd43v5ys456p9ydq4zg35wsvoa6542w.png\" title=\"Anton-Ostern_transparent\" alt=\"Anton-Ostern_transparent\" loading=\"lazy\" \/>\t\t\t\t\t\t\t\t\t\t\t\t\t\t\t<\/div>\n\t\t\t\t<\/div>\n\t\t\t\t\t<\/div>\n\t\t<\/div>\n\t\t\t\t\t<\/div>\n\t\t<\/section>\n\t\t\t\t<section class=\"elementor-section elementor-top-section elementor-element elementor-element-7918032 elementor-section-boxed elementor-section-height-default elementor-section-height-default\" data-id=\"7918032\" data-element_type=\"section\" data-e-type=\"section\">\n\t\t\t\t\t\t<div class=\"elementor-container elementor-column-gap-default\">\n\t\t\t\t\t<div class=\"elementor-column elementor-col-100 elementor-top-column elementor-element elementor-element-fcbbb95\" data-id=\"fcbbb95\" data-element_type=\"column\" data-e-type=\"column\">\n\t\t\t<div class=\"elementor-widget-wrap elementor-element-populated\">\n\t\t\t\t\t\t<div class=\"elementor-element elementor-element-d45685d elementor-widget elementor-widget-heading\" data-id=\"d45685d\" data-element_type=\"widget\" data-e-type=\"widget\" data-widget_type=\"heading.default\">\n\t\t\t\t<div class=\"elementor-widget-container\">\n\t\t\t\t\t<h2 class=\"elementor-heading-title elementor-size-default\">Course Times<\/h2>\t\t\t\t<\/div>\n\t\t\t\t<\/div>\n\t\t\t\t\t<\/div>\n\t\t<\/div>\n\t\t\t\t\t<\/div>\n\t\t<\/section>\n\t\t\t\t<section class=\"elementor-section elementor-top-section elementor-element elementor-element-0ac916e elementor-section-boxed elementor-section-height-default elementor-section-height-default\" data-id=\"0ac916e\" data-element_type=\"section\" data-e-type=\"section\">\n\t\t\t\t\t\t<div class=\"elementor-container elementor-column-gap-default\">\n\t\t\t\t\t<div class=\"elementor-column elementor-col-50 elementor-top-column elementor-element elementor-element-9ac27c4\" data-id=\"9ac27c4\" data-element_type=\"column\" data-e-type=\"column\">\n\t\t\t<div class=\"elementor-widget-wrap elementor-element-populated\">\n\t\t\t\t\t\t<div class=\"elementor-element elementor-element-b136e14 elementor-nav-menu--dropdown-tablet elementor-nav-menu__text-align-aside elementor-nav-menu--toggle elementor-nav-menu--burger elementor-widget elementor-widget-nav-menu\" data-id=\"b136e14\" data-element_type=\"widget\" data-e-type=\"widget\" data-settings=\"{&quot;layout&quot;:&quot;vertical&quot;,&quot;submenu_icon&quot;:{&quot;value&quot;:&quot;&lt;i class=\\&quot;fas fa-caret-down\\&quot; aria-hidden=\\&quot;true\\&quot;&gt;&lt;\\\/i&gt;&quot;,&quot;library&quot;:&quot;fa-solid&quot;},&quot;toggle&quot;:&quot;burger&quot;}\" data-widget_type=\"nav-menu.default\">\n\t\t\t\t<div class=\"elementor-widget-container\">\n\t\t\t\t\t\t\t\t<nav aria-label=\"Men\u00fc\" class=\"elementor-nav-menu--main elementor-nav-menu__container elementor-nav-menu--layout-vertical e--pointer-underline e--animation-fade\">\n\t\t\t\t<ul id=\"menu-1-b136e14\" class=\"elementor-nav-menu sm-vertical\"><li class=\"menu-item menu-item-type-post_type menu-item-object-page menu-item-506\"><a href=\"https:\/\/svkettwig07.de\/en\/schwimmschule-tortuga\/\" class=\"elementor-item menu-link\">Schwimmschule Tortuga<\/a><\/li>\n<li class=\"menu-item menu-item-type-post_type menu-item-object-page menu-item-1429\"><a href=\"https:\/\/svkettwig07.de\/en\/news\/\" class=\"elementor-item menu-link\">NEWS<\/a><\/li>\n<li class=\"menu-item menu-item-type-post_type menu-item-object-page menu-item-507\"><a href=\"https:\/\/svkettwig07.de\/en\/team-tortuga\/\" class=\"elementor-item menu-link\">Team Tortuga<\/a><\/li>\n<li class=\"menu-item menu-item-type-post_type menu-item-object-page menu-item-508\"><a href=\"https:\/\/svkettwig07.de\/en\/kurse\/\" class=\"elementor-item menu-link\">Courses<\/a><\/li>\n<li class=\"menu-item menu-item-type-post_type menu-item-object-page menu-item-509\"><a href=\"https:\/\/svkettwig07.de\/en\/kurszeiten\/\" class=\"elementor-item menu-link\">Course Times<\/a><\/li>\n<li class=\"menu-item menu-item-type-post_type menu-item-object-page menu-item-9176\"><a href=\"https:\/\/svkettwig07.de\/en\/intensivkurse\/\" class=\"elementor-item menu-link\">Intensivkurse<\/a><\/li>\n<li class=\"menu-item menu-item-type-post_type menu-item-object-page menu-item-510\"><a href=\"https:\/\/svkettwig07.de\/en\/faqs\/\" class=\"elementor-item menu-link\">FAQs<\/a><\/li>\n<li class=\"menu-item menu-item-type-post_type menu-item-object-page menu-item-511\"><a href=\"https:\/\/svkettwig07.de\/en\/anmeldung\/\" class=\"elementor-item menu-link\">Registration<\/a><\/li>\n<li class=\"menu-item menu-item-type-post_type menu-item-object-page menu-item-512\"><a href=\"https:\/\/svkettwig07.de\/en\/agb\/\" class=\"elementor-item menu-link\">GTC<\/a><\/li>\n<li class=\"menu-item menu-item-type-post_type menu-item-object-page menu-item-6573\"><a href=\"https:\/\/svkettwig07.de\/en\/downloads\/\" class=\"elementor-item menu-link\">Downloads<\/a><\/li>\n<\/ul>\t\t\t<\/nav>\n\t\t\t\t\t<div class=\"elementor-menu-toggle\" role=\"button\" tabindex=\"0\" aria-label=\"Menu Toggle\" aria-expanded=\"false\">\n\t\t\t<i aria-hidden=\"true\" role=\"presentation\" class=\"elementor-menu-toggle__icon--open eicon-menu-bar\"><\/i><i aria-hidden=\"true\" role=\"presentation\" class=\"elementor-menu-toggle__icon--close eicon-close\"><\/i>\t\t<\/div>\n\t\t\t\t\t<nav class=\"elementor-nav-menu--dropdown elementor-nav-menu__container\" aria-hidden=\"true\">\n\t\t\t\t<ul id=\"menu-2-b136e14\" class=\"elementor-nav-menu sm-vertical\"><li class=\"menu-item menu-item-type-post_type menu-item-object-page menu-item-506\"><a href=\"https:\/\/svkettwig07.de\/en\/schwimmschule-tortuga\/\" class=\"elementor-item menu-link\" tabindex=\"-1\">Schwimmschule Tortuga<\/a><\/li>\n<li class=\"menu-item menu-item-type-post_type menu-item-object-page menu-item-1429\"><a href=\"https:\/\/svkettwig07.de\/en\/news\/\" class=\"elementor-item menu-link\" tabindex=\"-1\">NEWS<\/a><\/li>\n<li class=\"menu-item menu-item-type-post_type menu-item-object-page menu-item-507\"><a href=\"https:\/\/svkettwig07.de\/en\/team-tortuga\/\" class=\"elementor-item menu-link\" tabindex=\"-1\">Team Tortuga<\/a><\/li>\n<li class=\"menu-item menu-item-type-post_type menu-item-object-page menu-item-508\"><a href=\"https:\/\/svkettwig07.de\/en\/kurse\/\" class=\"elementor-item menu-link\" tabindex=\"-1\">Courses<\/a><\/li>\n<li class=\"menu-item menu-item-type-post_type menu-item-object-page menu-item-509\"><a href=\"https:\/\/svkettwig07.de\/en\/kurszeiten\/\" class=\"elementor-item menu-link\" tabindex=\"-1\">Course Times<\/a><\/li>\n<li class=\"menu-item menu-item-type-post_type menu-item-object-page menu-item-9176\"><a href=\"https:\/\/svkettwig07.de\/en\/intensivkurse\/\" class=\"elementor-item menu-link\" tabindex=\"-1\">Intensivkurse<\/a><\/li>\n<li class=\"menu-item menu-item-type-post_type menu-item-object-page menu-item-510\"><a href=\"https:\/\/svkettwig07.de\/en\/faqs\/\" class=\"elementor-item menu-link\" tabindex=\"-1\">FAQs<\/a><\/li>\n<li class=\"menu-item menu-item-type-post_type menu-item-object-page menu-item-511\"><a href=\"https:\/\/svkettwig07.de\/en\/anmeldung\/\" class=\"elementor-item menu-link\" tabindex=\"-1\">Registration<\/a><\/li>\n<li class=\"menu-item menu-item-type-post_type menu-item-object-page menu-item-512\"><a href=\"https:\/\/svkettwig07.de\/en\/agb\/\" class=\"elementor-item menu-link\" tabindex=\"-1\">GTC<\/a><\/li>\n<li class=\"menu-item menu-item-type-post_type menu-item-object-page menu-item-6573\"><a href=\"https:\/\/svkettwig07.de\/en\/downloads\/\" class=\"elementor-item menu-link\" tabindex=\"-1\">Downloads<\/a><\/li>\n<\/ul>\t\t\t<\/nav>\n\t\t\t\t\t\t<\/div>\n\t\t\t\t<\/div>\n\t\t\t\t\t<\/div>\n\t\t<\/div>\n\t\t\t\t<div class=\"elementor-column elementor-col-50 elementor-top-column elementor-element elementor-element-0806342\" data-id=\"0806342\" data-element_type=\"column\" data-e-type=\"column\">\n\t\t\t<div class=\"elementor-widget-wrap elementor-element-populated\">\n\t\t\t\t\t\t<div class=\"elementor-element elementor-element-16ff997 elementor-tabs-view-horizontal elementor-widget elementor-widget-tabs\" data-id=\"16ff997\" data-element_type=\"widget\" data-e-type=\"widget\" data-widget_type=\"tabs.default\">\n\t\t\t\t<div class=\"elementor-widget-container\">\n\t\t\t\t\t\t\t<div class=\"elementor-tabs\">\n\t\t\t<div class=\"elementor-tabs-wrapper\" role=\"tablist\" >\n\t\t\t\t\t\t\t\t\t<div id=\"elementor-tab-title-2411\" class=\"elementor-tab-title elementor-tab-desktop-title\" aria-selected=\"true\" data-tab=\"1\" role=\"tab\" tabindex=\"0\" aria-controls=\"elementor-tab-content-2411\" aria-expanded=\"false\">Seepferdchenkurse<\/div>\n\t\t\t\t\t\t\t\t\t<div id=\"elementor-tab-title-2412\" class=\"elementor-tab-title elementor-tab-desktop-title\" aria-selected=\"false\" data-tab=\"2\" role=\"tab\" tabindex=\"-1\" aria-controls=\"elementor-tab-content-2412\" aria-expanded=\"false\">Bronze course<\/div>\n\t\t\t\t\t\t\t\t\t<div id=\"elementor-tab-title-2413\" class=\"elementor-tab-title elementor-tab-desktop-title\" aria-selected=\"false\" data-tab=\"3\" role=\"tab\" tabindex=\"-1\" aria-controls=\"elementor-tab-content-2413\" aria-expanded=\"false\">Silver course<\/div>\n\t\t\t\t\t\t\t<\/div>\n\t\t\t<div class=\"elementor-tabs-content-wrapper\" role=\"tablist\" aria-orientation=\"vertical\">\n\t\t\t\t\t\t\t\t\t<div class=\"elementor-tab-title elementor-tab-mobile-title\" aria-selected=\"true\" data-tab=\"1\" role=\"tab\" tabindex=\"0\" aria-controls=\"elementor-tab-content-2411\" aria-expanded=\"false\">Seepferdchenkurse<\/div>\n\t\t\t\t\t<div id=\"elementor-tab-content-2411\" class=\"elementor-tab-content elementor-clearfix\" data-tab=\"1\" role=\"tabpanel\" aria-labelledby=\"elementor-tab-title-2411\" tabindex=\"0\" hidden=\"false\"><p><strong>(unfortunately there are no free places available at the moment - we will be happy to add you to our waiting list!)<\/strong><\/p><p><strong><u>Monday:<\/u><\/strong><\/p><p>MO-SPF-2026-01-A -&gt;\u00a0 17:00 Uhr \u2013 17:40 Uhr<\/p><p>MO-SPF-2026-01-B -&gt; 17:50 Uhr \u2013 18:30 Uhr<\/p><p><strong><u>Wednesday:<\/u><\/strong><\/p><p>MI-SPF-2026-01-A -&gt; 17:00 Uhr \u2013 17:40 Uhr<\/p><p>MI-SPF-2026-01-B -&gt; 17:50 Uhr \u2013 18:30 Uhr<\/p><p><strong><u>Saturday:<\/u><\/strong><\/p><p>SA-SPF-2026-01-A -&gt; 10:00 Uhr \u2013 10:40 Uhr<\/p><p>SA-SPF-2026-01-B -&gt; 10:50 Uhr \u2013 11:30 Uhr<\/p><\/div>\n\t\t\t\t\t\t\t\t\t<div class=\"elementor-tab-title elementor-tab-mobile-title\" aria-selected=\"false\" data-tab=\"2\" role=\"tab\" tabindex=\"-1\" aria-controls=\"elementor-tab-content-2412\" aria-expanded=\"false\">Bronze course<\/div>\n\t\t\t\t\t<div id=\"elementor-tab-content-2412\" class=\"elementor-tab-content elementor-clearfix\" data-tab=\"2\" role=\"tabpanel\" aria-labelledby=\"elementor-tab-title-2412\" tabindex=\"0\" hidden=\"hidden\"><p><strong>(unfortunately there are no free places available at the moment - we will be happy to add you to our waiting list!)<\/strong><\/p><p><strong><u>Monday:<\/u><\/strong><\/p><p>MO-BRZ-2026-01-A -&gt;\u00a0 17:00 Uhr \u2013 17:40 Uhr<\/p><p>MO-BRZ\/SIL-2026-01-B -&gt; 17:50 Uhr \u2013 18:30 Uhr<\/p><p><strong><u>Wednesday:<\/u><\/strong><\/p><p>MI-BRZ-2026-01-A -&gt; 17:00 Uhr \u2013 17:40 Uhr<\/p><p>MI-BRZ\/SIL-2026-01-B -&gt; 17:50 Uhr \u2013 18:30 Uhr<\/p><p><strong><u>Saturday:<\/u><\/strong><\/p><p>SA-BRZ\/SIL-2026-01-A -&gt; 10:00 Uhr \u2013 10:40 Uhr<\/p><p>SA-BRZ\/SIL-2026-01-B -&gt; 10:50 Uhr \u2013 11:30 Uhr<\/p><\/div>\n\t\t\t\t\t\t\t\t\t<div class=\"elementor-tab-title elementor-tab-mobile-title\" aria-selected=\"false\" data-tab=\"3\" role=\"tab\" tabindex=\"-1\" aria-controls=\"elementor-tab-content-2413\" aria-expanded=\"false\">Silver course<\/div>\n\t\t\t\t\t<div id=\"elementor-tab-content-2413\" class=\"elementor-tab-content elementor-clearfix\" data-tab=\"3\" role=\"tabpanel\" aria-labelledby=\"elementor-tab-title-2413\" tabindex=\"0\" hidden=\"hidden\"><p><strong>(unfortunately there are no free places available at the moment - we will be happy to add you to our waiting list!)<\/strong><\/p><p><strong><u>Monday:<\/u><\/strong><\/p><p>MO-SIL-2026-01-A -&gt;\u00a0 17:00 Uhr \u2013 17:40 Uhr<\/p><p><strong><u>Wednesday:<\/u><\/strong><\/p><p>MI-SIL-2026-01-A -&gt; 17:00 Uhr \u2013 17:40 Uhr<\/p><p><strong><u>Saturday:<\/u><\/strong><\/p><p>SA-BRZ\/SIL-2026-01-A -&gt; 10:00 Uhr \u2013 10:40 Uhr<\/p><p>SA-BRZ\/SIL-2026-01-B -&gt; 10:50 Uhr \u2013 11:30 Uhr<\/p><\/div>\n\t\t\t\t\t\t\t<\/div>\n\t\t<\/div>\n\t\t\t\t\t\t<\/div>\n\t\t\t\t<\/div>\n\t\t\t\t\t<\/div>\n\t\t<\/div>\n\t\t\t\t\t<\/div>\n\t\t<\/section>\n\t\t\t\t<section class=\"elementor-section elementor-top-section elementor-element elementor-element-29b912b elementor-section-boxed elementor-section-height-default elementor-section-height-default\" data-id=\"29b912b\" data-element_type=\"section\" data-e-type=\"section\">\n\t\t\t\t\t\t<div class=\"elementor-container elementor-column-gap-default\">\n\t\t\t\t\t<div class=\"elementor-column elementor-col-100 elementor-top-column elementor-element elementor-element-35ef6b5\" data-id=\"35ef6b5\" data-element_type=\"column\" data-e-type=\"column\">\n\t\t\t<div class=\"elementor-widget-wrap elementor-element-populated\">\n\t\t\t\t\t\t<div class=\"elementor-element elementor-element-3f2a1a1 elementor-widget elementor-widget-heading\" data-id=\"3f2a1a1\" data-element_type=\"widget\" data-e-type=\"widget\" data-widget_type=\"heading.default\">\n\t\t\t\t<div class=\"elementor-widget-container\">\n\t\t\t\t\t<h2 class=\"elementor-heading-title elementor-size-default\">Locations<\/h2>\t\t\t\t<\/div>\n\t\t\t\t<\/div>\n\t\t\t\t\t<\/div>\n\t\t<\/div>\n\t\t\t\t\t<\/div>\n\t\t<\/section>\n\t\t\t\t<section class=\"elementor-section elementor-top-section elementor-element elementor-element-ae2a4ae elementor-section-boxed elementor-section-height-default elementor-section-height-default\" data-id=\"ae2a4ae\" data-element_type=\"section\" data-e-type=\"section\">\n\t\t\t\t\t\t<div class=\"elementor-container elementor-column-gap-default\">\n\t\t\t\t\t<div class=\"elementor-column elementor-col-50 elementor-top-column elementor-element elementor-element-2aaa6e6\" data-id=\"2aaa6e6\" data-element_type=\"column\" data-e-type=\"column\">\n\t\t\t<div class=\"elementor-widget-wrap elementor-element-populated\">\n\t\t\t\t\t\t<section class=\"elementor-section elementor-inner-section elementor-element elementor-element-4f539e4 elementor-section-height-min-height elementor-section-boxed elementor-section-height-default\" data-id=\"4f539e4\" data-element_type=\"section\" data-e-type=\"section\">\n\t\t\t\t\t\t<div class=\"elementor-container elementor-column-gap-default\">\n\t\t\t\t\t<div class=\"elementor-column elementor-col-100 elementor-inner-column elementor-element elementor-element-5b48e8b\" data-id=\"5b48e8b\" data-element_type=\"column\" data-e-type=\"column\">\n\t\t\t<div class=\"elementor-widget-wrap elementor-element-populated\">\n\t\t\t\t\t\t<div class=\"elementor-element elementor-element-80f8ba2 elementor-widget elementor-widget-heading\" data-id=\"80f8ba2\" data-element_type=\"widget\" data-e-type=\"widget\" data-widget_type=\"heading.default\">\n\t\t\t\t<div class=\"elementor-widget-container\">\n\t\t\t\t\t<h3 class=\"elementor-heading-title elementor-size-default\">Schwimmzentrum Kettwig<\/h3>\t\t\t\t<\/div>\n\t\t\t\t<\/div>\n\t\t\t\t<div class=\"elementor-element elementor-element-e4d9399 elementor-widget elementor-widget-text-editor\" data-id=\"e4d9399\" data-element_type=\"widget\" data-e-type=\"widget\" data-widget_type=\"text-editor.default\">\n\t\t\t\t<div class=\"elementor-widget-container\">\n\t\t\t\t\t\t\t\t\t<p class=\"translation-block\"><span style=\"text-decoration: underline\"><strong>address:<\/strong><\/span> <span class=\"LrzXr\">Im Teelbruch 10-12, 45219 Essen<\/span><\/p><p><span style=\"text-decoration: underline;\"><strong>Course fee:<\/strong><\/span><\/p><p>16,00\u20ac membership fee per hour. The courses can only be booked completely!<\/p><p><strong>Unfortunately there are no free places available at the moment - we will be happy to add you to our waiting list.<\/strong><\/p>\t\t\t\t\t\t\t\t<\/div>\n\t\t\t\t<\/div>\n\t\t\t\t\t<\/div>\n\t\t<\/div>\n\t\t\t\t\t<\/div>\n\t\t<\/section>\n\t\t\t\t\t<\/div>\n\t\t<\/div>\n\t\t\t\t<div class=\"elementor-column elementor-col-50 elementor-top-column elementor-element elementor-element-eccb008\" data-id=\"eccb008\" data-element_type=\"column\" data-e-type=\"column\">\n\t\t\t<div class=\"elementor-widget-wrap elementor-element-populated\">\n\t\t\t\t\t\t<section class=\"elementor-section elementor-inner-section elementor-element elementor-element-8f466a1 elementor-section-height-min-height elementor-section-boxed elementor-section-height-default\" data-id=\"8f466a1\" data-element_type=\"section\" data-e-type=\"section\">\n\t\t\t\t\t\t<div class=\"elementor-container elementor-column-gap-default\">\n\t\t\t\t\t<div class=\"elementor-column elementor-col-100 elementor-inner-column elementor-element elementor-element-d91aedb\" data-id=\"d91aedb\" data-element_type=\"column\" data-e-type=\"column\">\n\t\t\t<div class=\"elementor-widget-wrap elementor-element-populated\">\n\t\t\t\t\t\t<div class=\"elementor-element elementor-element-f29ab4f elementor-widget elementor-widget-heading\" data-id=\"f29ab4f\" data-element_type=\"widget\" data-e-type=\"widget\" data-widget_type=\"heading.default\">\n\t\t\t\t<div class=\"elementor-widget-container\">\n\t\t\t\t\t<h4 class=\"elementor-heading-title elementor-size-default\">Traugott-Weise-Schule<\/h4>\t\t\t\t<\/div>\n\t\t\t\t<\/div>\n\t\t\t\t<div class=\"elementor-element elementor-element-8a7a389 elementor-widget elementor-widget-text-editor\" data-id=\"8a7a389\" data-element_type=\"widget\" data-e-type=\"widget\" data-widget_type=\"text-editor.default\">\n\t\t\t\t<div class=\"elementor-widget-container\">\n\t\t\t\t\t\t\t\t\t<p class=\"translation-block\"><span style=\"text-decoration: underline\"><strong>address:<\/strong><\/span> <span class=\"LrzXr\">W\u00fcstenh\u00f6ferstra\u00dfe 175, 45355 Essen<\/span><\/p><p><span style=\"text-decoration: underline;\"><strong>Course fee:<\/strong><\/span><\/p><p>16,00\u20ac membership fee per hour. The courses can only be booked completely!<\/p><p><strong>Leider bieten wir aus organisatorischen Gr\u00fcnden zur Zeit keine Schwimmkurse in der Tragott-Weise-Schule an<\/strong><strong> \u2013 die Wiederaufnahme unseres \u00dcbungsbetriebes <br \/>verschiebt sich auf unbestimmte Zeit. Gerne notieren wir Euch auf unserer Vormerker-Liste &amp; melden uns bei Euch, sobald wir wissen wann es wieder ins Wasser geht.<\/strong><\/p>\t\t\t\t\t\t\t\t<\/div>\n\t\t\t\t<\/div>\n\t\t\t\t\t<\/div>\n\t\t<\/div>\n\t\t\t\t\t<\/div>\n\t\t<\/section>\n\t\t\t\t\t<\/div>\n\t\t<\/div>\n\t\t\t\t\t<\/div>\n\t\t<\/section>\n\t\t\t\t<\/div>","protected":false},"excerpt":{"rendered":"<p>Schwimmschule Tortuga &#8211; SV Kettwig 1907 e.V. &#8211; Kurszeiten Seepferdchenkurse Bronzekurse Silberkurse Seepferdchenkurse (leider sind momentan keine freien Pl\u00e4tze mehr verf\u00fcgbar \u2013 gerne notieren wir Euch auf unserer Vormerker-Liste!) Montags: MO-SPF-2026-01-A -&gt;\u00a0 17:00 Uhr \u2013 17:40 Uhr MO-SPF-2026-01-B -&gt; 17:50 Uhr \u2013 18:30 Uhr Mittwochs: MI-SPF-2026-01-A -&gt; 17:00 Uhr \u2013 17:40 Uhr MI-SPF-2026-01-B -&gt; 17:50 [&hellip;]<\/p>\n","protected":false},"author":2,"featured_media":0,"parent":0,"menu_order":5,"comment_status":"closed","ping_status":"closed","template":"","meta":{"site-sidebar-layout":"no-sidebar","site-content-layout":"page-builder","ast-site-content-layout":"full-width-container","site-content-style":"unboxed","site-sidebar-style":"unboxed","ast-global-header-display":"","ast-banner-title-visibility":"","ast-main-header-display":"","ast-hfb-above-header-display":"","ast-hfb-below-header-display":"","ast-hfb-mobile-header-display":"","site-post-title":"disabled","ast-breadcrumbs-content":"","ast-featured-img":"disabled","footer-sml-layout":"","ast-disable-related-posts":"","theme-transparent-header-meta":"","adv-header-id-meta":"","stick-header-meta":"","header-above-stick-meta":"","header-main-stick-meta":"","header-below-stick-meta":"","astra-migrate-meta-layouts":"set","ast-page-background-enabled":"default","ast-page-background-meta":{"desktop":{"background-color":"var(--ast-global-color-4)","background-image":"","background-repeat":"repeat","background-position":"center center","background-size":"auto","background-attachment":"scroll","background-type":"","background-media":"","overlay-type":"","overlay-color":"","overlay-opacity":"","overlay-gradient":""},"tablet":{"background-color":"","background-image":"","background-repeat":"repeat","background-position":"center center","background-size":"auto","background-attachment":"scroll","background-type":"","background-media":"","overlay-type":"","overlay-color":"","overlay-opacity":"","overlay-gradient":""},"mobile":{"background-color":"","background-image":"","background-repeat":"repeat","background-position":"center center","background-size":"auto","background-attachment":"scroll","background-type":"","background-media":"","overlay-type":"","overlay-color":"","overlay-opacity":"","overlay-gradient":""}},"ast-content-background-meta":{"desktop":{"background-color":"var(--ast-global-color-5)","background-image":"","background-repeat":"repeat","background-position":"center center","background-size":"auto","background-attachment":"scroll","background-type":"","background-media":"","overlay-type":"","overlay-color":"","overlay-opacity":"","overlay-gradient":""},"tablet":{"background-color":"var(--ast-global-color-5)","background-image":"","background-repeat":"repeat","background-position":"center center","background-size":"auto","background-attachment":"scroll","background-type":"","background-media":"","overlay-type":"","overlay-color":"","overlay-opacity":"","overlay-gradient":""},"mobile":{"background-color":"var(--ast-global-color-5)","background-image":"","background-repeat":"repeat","background-position":"center center","background-size":"auto","background-attachment":"scroll","background-type":"","background-media":"","overlay-type":"","overlay-color":"","overlay-opacity":"","overlay-gradient":""}},"footnotes":""},"class_list":["post-477","page","type-page","status-publish","hentry"],"_links":{"self":[{"href":"https:\/\/svkettwig07.de\/en\/wp-json\/wp\/v2\/pages\/477","targetHints":{"allow":["GET"]}}],"collection":[{"href":"https:\/\/svkettwig07.de\/en\/wp-json\/wp\/v2\/pages"}],"about":[{"href":"https:\/\/svkettwig07.de\/en\/wp-json\/wp\/v2\/types\/page"}],"author":[{"embeddable":true,"href":"https:\/\/svkettwig07.de\/en\/wp-json\/wp\/v2\/users\/2"}],"replies":[{"embeddable":true,"href":"https:\/\/svkettwig07.de\/en\/wp-json\/wp\/v2\/comments?post=477"}],"version-history":[{"count":150,"href":"https:\/\/svkettwig07.de\/en\/wp-json\/wp\/v2\/pages\/477\/revisions"}],"predecessor-version":[{"id":9246,"href":"https:\/\/svkettwig07.de\/en\/wp-json\/wp\/v2\/pages\/477\/revisions\/9246"}],"wp:attachment":[{"href":"https:\/\/svkettwig07.de\/en\/wp-json\/wp\/v2\/media?parent=477"}],"curies":[{"name":"wp","href":"https:\/\/api.w.org\/{rel}","templated":true}]}}