{"id":487,"date":"2022-01-02T14:13:16","date_gmt":"2022-01-02T13:13:16","guid":{"rendered":"https:\/\/svkettwig07.de\/?page_id=487"},"modified":"2026-03-24T00:59:11","modified_gmt":"2026-03-23T23:59:11","slug":"anmeldung","status":"publish","type":"page","link":"https:\/\/svkettwig07.de\/en\/anmeldung\/","title":{"rendered":"Registration"},"content":{"rendered":"\t\t<div data-elementor-type=\"wp-page\" data-elementor-id=\"487\" class=\"elementor elementor-487\" data-elementor-post-type=\"page\">\n\t\t\t\t\t\t<section class=\"elementor-section elementor-top-section elementor-element elementor-element-7e4b4419 elementor-section-boxed elementor-section-height-default elementor-section-height-default\" data-id=\"7e4b4419\" data-element_type=\"section\" data-e-type=\"section\">\n\t\t\t\t\t\t<div class=\"elementor-container elementor-column-gap-default\">\n\t\t\t\t\t<div class=\"elementor-column elementor-col-33 elementor-top-column elementor-element elementor-element-547c5858\" data-id=\"547c5858\" data-element_type=\"column\" data-e-type=\"column\">\n\t\t\t<div class=\"elementor-widget-wrap elementor-element-populated\">\n\t\t\t\t\t\t<div class=\"elementor-element elementor-element-72a59afb elementor-widget elementor-widget-image\" data-id=\"72a59afb\" data-element_type=\"widget\" data-e-type=\"widget\" data-widget_type=\"image.default\">\n\t\t\t\t<div class=\"elementor-widget-container\">\n\t\t\t\t\t\t\t\t\t\t\t\t\t\t\t<img decoding=\"async\" src=\"https:\/\/svkettwig07.de\/wp-content\/uploads\/elementor\/thumbs\/Emma-Ostern_transparent-r3xp9f3fdck0pfzhdigtjpzfjn068e195x37m7clt4.png\" title=\"Emma-Ostern_transparent\" alt=\"Emma-Ostern_transparent\" loading=\"lazy\" \/>\t\t\t\t\t\t\t\t\t\t\t\t\t\t\t<\/div>\n\t\t\t\t<\/div>\n\t\t\t\t\t<\/div>\n\t\t<\/div>\n\t\t\t\t<div class=\"elementor-column elementor-col-33 elementor-top-column elementor-element elementor-element-7bacbd0\" data-id=\"7bacbd0\" data-element_type=\"column\" data-e-type=\"column\">\n\t\t\t<div class=\"elementor-widget-wrap elementor-element-populated\">\n\t\t\t\t\t\t<div class=\"elementor-element elementor-element-3aef4b36 elementor-widget elementor-widget-heading\" data-id=\"3aef4b36\" data-element_type=\"widget\" data-e-type=\"widget\" data-widget_type=\"heading.default\">\n\t\t\t\t<div class=\"elementor-widget-container\">\n\t\t\t\t\t<h1 class=\"elementor-heading-title elementor-size-default\">Schwimmschule Tortuga<\/h1>\t\t\t\t<\/div>\n\t\t\t\t<\/div>\n\t\t\t\t<div class=\"elementor-element elementor-element-1f660f11 elementor-widget elementor-widget-heading\" data-id=\"1f660f11\" data-element_type=\"widget\" data-e-type=\"widget\" data-widget_type=\"heading.default\">\n\t\t\t\t<div class=\"elementor-widget-container\">\n\t\t\t\t\t<h2 class=\"elementor-heading-title elementor-size-default\">- SV Kettwig 1907 e.V. - <\/h2>\t\t\t\t<\/div>\n\t\t\t\t<\/div>\n\t\t\t\t\t<\/div>\n\t\t<\/div>\n\t\t\t\t<div class=\"elementor-column elementor-col-33 elementor-top-column elementor-element elementor-element-5e99cbed\" data-id=\"5e99cbed\" data-element_type=\"column\" data-e-type=\"column\">\n\t\t\t<div class=\"elementor-widget-wrap elementor-element-populated\">\n\t\t\t\t\t\t<div class=\"elementor-element elementor-element-90626a3 elementor-widget elementor-widget-image\" data-id=\"90626a3\" data-element_type=\"widget\" data-e-type=\"widget\" data-widget_type=\"image.default\">\n\t\t\t\t<div class=\"elementor-widget-container\">\n\t\t\t\t\t\t\t\t\t\t\t\t\t\t\t<img decoding=\"async\" src=\"https:\/\/svkettwig07.de\/wp-content\/uploads\/elementor\/thumbs\/Anton-Ostern_transparent-r3xp9yu18hfgd43v5ys456p9ydq4zg35wsvoa6542w.png\" title=\"Anton-Ostern_transparent\" alt=\"Anton-Ostern_transparent\" loading=\"lazy\" \/>\t\t\t\t\t\t\t\t\t\t\t\t\t\t\t<\/div>\n\t\t\t\t<\/div>\n\t\t\t\t\t<\/div>\n\t\t<\/div>\n\t\t\t\t\t<\/div>\n\t\t<\/section>\n\t\t\t\t<section class=\"elementor-section elementor-top-section elementor-element elementor-element-1cedad7 elementor-section-boxed elementor-section-height-default elementor-section-height-default\" data-id=\"1cedad7\" data-element_type=\"section\" data-e-type=\"section\">\n\t\t\t\t\t\t<div class=\"elementor-container elementor-column-gap-default\">\n\t\t\t\t\t<div class=\"elementor-column elementor-col-100 elementor-top-column elementor-element elementor-element-c770089\" data-id=\"c770089\" data-element_type=\"column\" data-e-type=\"column\">\n\t\t\t<div class=\"elementor-widget-wrap elementor-element-populated\">\n\t\t\t\t\t\t<div class=\"elementor-element elementor-element-723b1bc elementor-widget elementor-widget-heading\" data-id=\"723b1bc\" data-element_type=\"widget\" data-e-type=\"widget\" data-widget_type=\"heading.default\">\n\t\t\t\t<div class=\"elementor-widget-container\">\n\t\t\t\t\t<h1 class=\"elementor-heading-title elementor-size-default\">Anmeldung<\/h1>\t\t\t\t<\/div>\n\t\t\t\t<\/div>\n\t\t\t\t\t<\/div>\n\t\t<\/div>\n\t\t\t\t\t<\/div>\n\t\t<\/section>\n\t\t\t\t<section class=\"elementor-section elementor-top-section elementor-element elementor-element-6f5d8c5 elementor-section-boxed elementor-section-height-default elementor-section-height-default\" data-id=\"6f5d8c5\" data-element_type=\"section\" data-e-type=\"section\">\n\t\t\t\t\t\t<div class=\"elementor-container elementor-column-gap-default\">\n\t\t\t\t\t<div class=\"elementor-column elementor-col-50 elementor-top-column elementor-element elementor-element-e7901e2\" data-id=\"e7901e2\" data-element_type=\"column\" data-e-type=\"column\">\n\t\t\t<div class=\"elementor-widget-wrap elementor-element-populated\">\n\t\t\t\t\t\t<div class=\"elementor-element elementor-element-d00904a elementor-nav-menu--dropdown-tablet elementor-nav-menu__text-align-aside elementor-nav-menu--toggle elementor-nav-menu--burger elementor-widget elementor-widget-global elementor-global-538 elementor-widget-nav-menu\" data-id=\"d00904a\" data-element_type=\"widget\" data-e-type=\"widget\" data-settings=\"{&quot;layout&quot;:&quot;vertical&quot;,&quot;submenu_icon&quot;:{&quot;value&quot;:&quot;fas fa-caret-down&quot;,&quot;library&quot;:&quot;fa-solid&quot;},&quot;toggle&quot;:&quot;burger&quot;}\" data-widget_type=\"nav-menu.default\">\n\t\t\t\t<div class=\"elementor-widget-container\">\n\t\t\t\t\t\t\t\t<nav aria-label=\"Menu\" class=\"elementor-nav-menu--main elementor-nav-menu__container elementor-nav-menu--layout-vertical e--pointer-underline e--animation-fade\">\n\t\t\t\t<ul id=\"menu-1-d00904a\" class=\"elementor-nav-menu sm-vertical\"><li class=\"menu-item menu-item-type-post_type menu-item-object-page menu-item-506\"><a href=\"https:\/\/svkettwig07.de\/en\/schwimmschule-tortuga\/\" class=\"elementor-item menu-link\">Schwimmschule Tortuga<\/a><\/li>\n<li class=\"menu-item menu-item-type-post_type menu-item-object-page menu-item-1429\"><a href=\"https:\/\/svkettwig07.de\/en\/news\/\" class=\"elementor-item menu-link\">NEWS<\/a><\/li>\n<li class=\"menu-item menu-item-type-post_type menu-item-object-page menu-item-507\"><a href=\"https:\/\/svkettwig07.de\/en\/team-tortuga\/\" class=\"elementor-item menu-link\">Team Tortuga<\/a><\/li>\n<li class=\"menu-item menu-item-type-post_type menu-item-object-page menu-item-508\"><a href=\"https:\/\/svkettwig07.de\/en\/kurse\/\" class=\"elementor-item menu-link\">Kurse<\/a><\/li>\n<li class=\"menu-item menu-item-type-post_type menu-item-object-page menu-item-509\"><a href=\"https:\/\/svkettwig07.de\/en\/kurszeiten\/\" class=\"elementor-item menu-link\">Kurszeiten<\/a><\/li>\n<li class=\"menu-item menu-item-type-post_type menu-item-object-page menu-item-9176\"><a href=\"https:\/\/svkettwig07.de\/en\/intensivkurse\/\" class=\"elementor-item menu-link\">Intensivkurse<\/a><\/li>\n<li class=\"menu-item menu-item-type-post_type menu-item-object-page menu-item-510\"><a href=\"https:\/\/svkettwig07.de\/en\/faqs\/\" class=\"elementor-item menu-link\">FAQs<\/a><\/li>\n<li class=\"menu-item menu-item-type-post_type menu-item-object-page menu-item-511\"><a href=\"https:\/\/svkettwig07.de\/en\/anmeldung\/\" class=\"elementor-item menu-link\">Anmeldung<\/a><\/li>\n<li class=\"menu-item menu-item-type-post_type menu-item-object-page menu-item-512\"><a href=\"https:\/\/svkettwig07.de\/en\/agb\/\" class=\"elementor-item menu-link\">AGB<\/a><\/li>\n<li class=\"menu-item menu-item-type-post_type menu-item-object-page menu-item-6573\"><a href=\"https:\/\/svkettwig07.de\/en\/downloads\/\" class=\"elementor-item menu-link\">Downloads<\/a><\/li>\n<\/ul>\t\t\t<\/nav>\n\t\t\t\t\t<div class=\"elementor-menu-toggle\" role=\"button\" tabindex=\"0\" aria-label=\"Menu Toggle\" aria-expanded=\"false\">\n\t\t\t<i aria-hidden=\"true\" role=\"presentation\" class=\"elementor-menu-toggle__icon--open eicon-menu-bar\"><\/i><i aria-hidden=\"true\" role=\"presentation\" class=\"elementor-menu-toggle__icon--close eicon-close\"><\/i>\t\t<\/div>\n\t\t\t\t\t<nav class=\"elementor-nav-menu--dropdown elementor-nav-menu__container\" aria-hidden=\"true\">\n\t\t\t\t<ul id=\"menu-2-d00904a\" class=\"elementor-nav-menu sm-vertical\"><li class=\"menu-item menu-item-type-post_type menu-item-object-page menu-item-506\"><a href=\"https:\/\/svkettwig07.de\/en\/schwimmschule-tortuga\/\" class=\"elementor-item menu-link\" tabindex=\"-1\">Schwimmschule Tortuga<\/a><\/li>\n<li class=\"menu-item menu-item-type-post_type menu-item-object-page menu-item-1429\"><a href=\"https:\/\/svkettwig07.de\/en\/news\/\" class=\"elementor-item menu-link\" tabindex=\"-1\">NEWS<\/a><\/li>\n<li class=\"menu-item menu-item-type-post_type menu-item-object-page menu-item-507\"><a href=\"https:\/\/svkettwig07.de\/en\/team-tortuga\/\" class=\"elementor-item menu-link\" tabindex=\"-1\">Team Tortuga<\/a><\/li>\n<li class=\"menu-item menu-item-type-post_type menu-item-object-page menu-item-508\"><a href=\"https:\/\/svkettwig07.de\/en\/kurse\/\" class=\"elementor-item menu-link\" tabindex=\"-1\">Kurse<\/a><\/li>\n<li class=\"menu-item menu-item-type-post_type menu-item-object-page menu-item-509\"><a href=\"https:\/\/svkettwig07.de\/en\/kurszeiten\/\" class=\"elementor-item menu-link\" tabindex=\"-1\">Kurszeiten<\/a><\/li>\n<li class=\"menu-item menu-item-type-post_type menu-item-object-page menu-item-9176\"><a href=\"https:\/\/svkettwig07.de\/en\/intensivkurse\/\" class=\"elementor-item menu-link\" tabindex=\"-1\">Intensivkurse<\/a><\/li>\n<li class=\"menu-item menu-item-type-post_type menu-item-object-page menu-item-510\"><a href=\"https:\/\/svkettwig07.de\/en\/faqs\/\" class=\"elementor-item menu-link\" tabindex=\"-1\">FAQs<\/a><\/li>\n<li class=\"menu-item menu-item-type-post_type menu-item-object-page menu-item-511\"><a href=\"https:\/\/svkettwig07.de\/en\/anmeldung\/\" class=\"elementor-item menu-link\" tabindex=\"-1\">Anmeldung<\/a><\/li>\n<li class=\"menu-item menu-item-type-post_type menu-item-object-page menu-item-512\"><a href=\"https:\/\/svkettwig07.de\/en\/agb\/\" class=\"elementor-item menu-link\" tabindex=\"-1\">AGB<\/a><\/li>\n<li class=\"menu-item menu-item-type-post_type menu-item-object-page menu-item-6573\"><a href=\"https:\/\/svkettwig07.de\/en\/downloads\/\" class=\"elementor-item menu-link\" tabindex=\"-1\">Downloads<\/a><\/li>\n<\/ul>\t\t\t<\/nav>\n\t\t\t\t\t\t<\/div>\n\t\t\t\t<\/div>\n\t\t\t\t\t<\/div>\n\t\t<\/div>\n\t\t\t\t<div class=\"elementor-column elementor-col-50 elementor-top-column elementor-element elementor-element-27d40fb\" data-id=\"27d40fb\" data-element_type=\"column\" data-e-type=\"column\">\n\t\t\t<div class=\"elementor-widget-wrap elementor-element-populated\">\n\t\t\t\t\t\t<section class=\"elementor-section elementor-inner-section elementor-element elementor-element-6104acc elementor-section-boxed elementor-section-height-default elementor-section-height-default\" data-id=\"6104acc\" data-element_type=\"section\" data-e-type=\"section\">\n\t\t\t\t\t\t<div class=\"elementor-container elementor-column-gap-default\">\n\t\t\t\t\t<div class=\"elementor-column elementor-col-100 elementor-inner-column elementor-element elementor-element-254ae6a\" data-id=\"254ae6a\" data-element_type=\"column\" data-e-type=\"column\">\n\t\t\t<div class=\"elementor-widget-wrap elementor-element-populated\">\n\t\t\t\t\t\t<div class=\"elementor-element elementor-element-7ecba9c elementor-widget elementor-widget-text-editor\" data-id=\"7ecba9c\" data-element_type=\"widget\" data-e-type=\"widget\" data-widget_type=\"text-editor.default\">\n\t\t\t\t<div class=\"elementor-widget-container\">\n\t\t\t\t\t\t\t\t\t<p>Vielen Dank f\u00fcr Ihr Interesse an einem unserer Schwimmkurse!<\/p><p>Die Kursteilnahme erfordert keine Vereinsmitgliedschaft. Daf\u00fcr erheben wir eine Kursgeb\u00fchr, die zur Teilnahme an allen Terminen der Kursdauer berechtigt. Mit unserem Kursangebot k\u00f6nnen Sie also ohne weitere Verpflichtungen von unserer langj\u00e4hrigen Erfahrung im Wassersportbereich profitieren.<\/p><p>F\u00fcr einen guten Erfolg ist die Auswahl des passenden Kurses wichtig.<br \/>Eine individuelle Beratung ist vor einer Buchung unabdingbar.<br \/>Wir bieten deshalb keine &#8222;online-Buchung&#8220; an, sondern beraten Sie direkt bei der Anmeldung. Weitere Informationen \u00fcber unsere Kurse finden Sie <a href=\"https:\/\/svkettwig07.de\/kurse\/\"><em>hier<\/em><\/a>.<\/p><p><u>Fragen zur Anmeldungen oder zu Kursen<\/u> richten Sie bitte an <a href=\"mailto:tortuga@svkettwig07.de\">tortuga@svkettwig07.de<\/a> oder f\u00fcllen Sie das untenstehende Kontaktformular, f\u00fcr eine direkte Kontaktaufnahme mit uns, aus.<br \/>Bitte f\u00fcgen Sie immer Ihre Telefonnummer bei, damit wir Sie auch kurzfristig erreichen k\u00f6nnen.\u00a0<\/p>\t\t\t\t\t\t\t\t<\/div>\n\t\t\t\t<\/div>\n\t\t\t\t\t<\/div>\n\t\t<\/div>\n\t\t\t\t\t<\/div>\n\t\t<\/section>\n\t\t\t\t\t<\/div>\n\t\t<\/div>\n\t\t\t\t\t<\/div>\n\t\t<\/section>\n\t\t\t\t<section class=\"elementor-section elementor-top-section elementor-element elementor-element-5054f73 elementor-section-boxed elementor-section-height-default elementor-section-height-default\" data-id=\"5054f73\" data-element_type=\"section\" data-e-type=\"section\">\n\t\t\t\t\t\t<div class=\"elementor-container elementor-column-gap-default\">\n\t\t\t\t\t<div class=\"elementor-column elementor-col-33 elementor-top-column elementor-element elementor-element-6cacf4b\" data-id=\"6cacf4b\" data-element_type=\"column\" data-e-type=\"column\">\n\t\t\t<div class=\"elementor-widget-wrap\">\n\t\t\t\t\t\t\t<\/div>\n\t\t<\/div>\n\t\t\t\t<div class=\"elementor-column elementor-col-33 elementor-top-column elementor-element elementor-element-77822c8\" data-id=\"77822c8\" data-element_type=\"column\" data-e-type=\"column\">\n\t\t\t<div class=\"elementor-widget-wrap elementor-element-populated\">\n\t\t\t\t\t\t<div class=\"elementor-element elementor-element-9fff3c1 elementor-widget elementor-widget-heading\" data-id=\"9fff3c1\" data-element_type=\"widget\" data-e-type=\"widget\" data-widget_type=\"heading.default\">\n\t\t\t\t<div class=\"elementor-widget-container\">\n\t\t\t\t\t<h2 class=\"elementor-heading-title elementor-size-default\">Anmeldung<\/h2>\t\t\t\t<\/div>\n\t\t\t\t<\/div>\n\t\t\t\t<div class=\"elementor-element elementor-element-977d7cd elementor-button-align-stretch elementor-widget elementor-widget-form\" data-id=\"977d7cd\" data-element_type=\"widget\" data-e-type=\"widget\" data-settings=\"{&quot;step_next_label&quot;:&quot;N\\u00e4chster&quot;,&quot;step_previous_label&quot;:&quot;Voriger&quot;,&quot;button_width&quot;:&quot;100&quot;,&quot;step_type&quot;:&quot;number_text&quot;,&quot;step_icon_shape&quot;:&quot;circle&quot;}\" data-widget_type=\"form.default\">\n\t\t\t\t<div class=\"elementor-widget-container\">\n\t\t\t\t\t\t\t<form class=\"elementor-form\" method=\"post\" name=\"Anmeldungsformular\" aria-label=\"Anmeldungsformular\">\n\t\t\t<input type=\"hidden\" name=\"post_id\" value=\"487\"\/>\n\t\t\t<input type=\"hidden\" name=\"form_id\" value=\"977d7cd\"\/>\n\t\t\t<input type=\"hidden\" name=\"referer_title\" value=\"\" \/>\n\n\t\t\t\n\t\t\t<div class=\"elementor-form-fields-wrapper elementor-labels-above\">\n\t\t\t\t\t\t\t\t<div class=\"elementor-field-type-email elementor-field-group elementor-column elementor-field-group-email elementor-col-100 elementor-field-required elementor-mark-required\">\n\t\t\t\t\t\t\t\t\t\t\t\t<label for=\"form-field-email\" class=\"elementor-field-label\">\n\t\t\t\t\t\t\t\tE-Mail\t\t\t\t\t\t\t<\/label>\n\t\t\t\t\t\t\t\t\t\t\t\t\t\t<input size=\"1\" type=\"email\" name=\"form_fields[email]\" id=\"form-field-email\" class=\"elementor-field elementor-size-xs  elementor-field-textual\" placeholder=\"E-Mail\" required=\"required\">\n\t\t\t\t\t\t\t\t\t\t\t<\/div>\n\t\t\t\t\t\t\t\t<div class=\"elementor-field-type-text\">\n\t\t\t\t\t<input size=\"1\" type=\"text\" name=\"form_fields[field_bd92a08]\" id=\"form-field-field_bd92a08\" class=\"elementor-field elementor-size-xs \" style=\"display:none !important;\">\t\t\t\t<\/div>\n\t\t\t\t\t\t\t\t<div class=\"elementor-field-type-tel elementor-field-group elementor-column elementor-field-group-field_c440a9b elementor-col-100\">\n\t\t\t\t\t\t\t\t\t\t\t\t<label for=\"form-field-field_c440a9b\" class=\"elementor-field-label\">\n\t\t\t\t\t\t\t\tTelefonnummer\t\t\t\t\t\t\t<\/label>\n\t\t\t\t\t\t\t\t<input size=\"1\" type=\"tel\" name=\"form_fields[field_c440a9b]\" id=\"form-field-field_c440a9b\" class=\"elementor-field elementor-size-xs  elementor-field-textual\" pattern=\"[0-9()#&amp;+*-=.]+\" title=\"Only numbers and phone characters (#, -, *, etc) are accepted.\">\n\n\t\t\t\t\t\t<\/div>\n\t\t\t\t\t\t\t\t<div class=\"elementor-field-type-text\">\n\t\t\t\t\t<input size=\"1\" type=\"text\" name=\"form_fields[field_9e72bd4]\" id=\"form-field-field_9e72bd4\" class=\"elementor-field elementor-size-xs \" style=\"display:none !important;\">\t\t\t\t<\/div>\n\t\t\t\t\t\t\t\t<div class=\"elementor-field-type-text elementor-field-group elementor-column elementor-field-group-name elementor-col-100 elementor-field-required elementor-mark-required\">\n\t\t\t\t\t\t\t\t\t\t\t\t<label for=\"form-field-name\" class=\"elementor-field-label\">\n\t\t\t\t\t\t\t\tVor- & Nachname der Erziehungsberechtigten\t\t\t\t\t\t\t<\/label>\n\t\t\t\t\t\t\t\t\t\t\t\t\t\t<input size=\"1\" type=\"text\" name=\"form_fields[name]\" id=\"form-field-name\" class=\"elementor-field elementor-size-xs  elementor-field-textual\" placeholder=\"Vor- &amp; Nachname\" required=\"required\">\n\t\t\t\t\t\t\t\t\t\t\t<\/div>\n\t\t\t\t\t\t\t\t<div class=\"elementor-field-type-text elementor-field-group elementor-column elementor-field-group-field_28e73ac elementor-col-100 elementor-field-required elementor-mark-required\">\n\t\t\t\t\t\t\t\t\t\t\t\t<label for=\"form-field-field_28e73ac\" class=\"elementor-field-label\">\n\t\t\t\t\t\t\t\tName des Kindes\t\t\t\t\t\t\t<\/label>\n\t\t\t\t\t\t\t\t\t\t\t\t\t\t<input size=\"1\" type=\"text\" name=\"form_fields[field_28e73ac]\" id=\"form-field-field_28e73ac\" class=\"elementor-field elementor-size-xs  elementor-field-textual\" placeholder=\"Vor- &amp; Nachname\" required=\"required\">\n\t\t\t\t\t\t\t\t\t\t\t<\/div>\n\t\t\t\t\t\t\t\t<div class=\"elementor-field-type-date elementor-field-group elementor-column elementor-field-group-field_6a92917 elementor-col-100 elementor-field-required elementor-mark-required\">\n\t\t\t\t\t\t\t\t\t\t\t\t<label for=\"form-field-field_6a92917\" class=\"elementor-field-label\">\n\t\t\t\t\t\t\t\tGeburtsdatum des Kindes\t\t\t\t\t\t\t<\/label>\n\t\t\t\t\t\t\n\t\t<input type=\"date\" name=\"form_fields[field_6a92917]\" id=\"form-field-field_6a92917\" class=\"elementor-field elementor-size-xs  elementor-field-textual elementor-date-field\" placeholder=\"TT.MM.JJJJ\" required=\"required\" pattern=\"[0-9]{4}-[0-9]{2}-[0-9]{2}\">\n\t\t\t\t\t\t<\/div>\n\t\t\t\t\t\t\t\t<div class=\"elementor-field-type-text\">\n\t\t\t\t\t<input size=\"1\" type=\"text\" name=\"form_fields[field_1ddf923]\" id=\"form-field-field_1ddf923\" class=\"elementor-field elementor-size-xs \" style=\"display:none !important;\">\t\t\t\t<\/div>\n\t\t\t\t\t\t\t\t<div class=\"elementor-field-type-select elementor-field-group elementor-column elementor-field-group-field_d1c3b9e elementor-col-100 elementor-field-required elementor-mark-required\">\n\t\t\t\t\t\t\t\t\t\t\t\t<label for=\"form-field-field_d1c3b9e\" class=\"elementor-field-label\">\n\t\t\t\t\t\t\t\tF\u00fcr welchen Kurs interessieren Sie sich?\t\t\t\t\t\t\t<\/label>\n\t\t\t\t\t\t\t\t<div class=\"elementor-field elementor-select-wrapper remove-before \">\n\t\t\t<div class=\"select-caret-down-wrapper\">\n\t\t\t\t<i aria-hidden=\"true\" class=\"eicon-caret-down\"><\/i>\t\t\t<\/div>\n\t\t\t<select name=\"form_fields[field_d1c3b9e]\" id=\"form-field-field_d1c3b9e\" class=\"elementor-field-textual elementor-size-xs\" required=\"required\">\n\t\t\t\t\t\t\t\t\t<option value=\"Seepferdchenkurs\">Seepferdchenkurs<\/option>\n\t\t\t\t\t\t\t\t\t<option value=\"Bronzekurs\">Bronzekurs<\/option>\n\t\t\t\t\t\t\t\t\t<option value=\"Silberkurs\">Silberkurs<\/option>\n\t\t\t\t\t\t\t<\/select>\n\t\t<\/div>\n\t\t\t\t\t\t<\/div>\n\t\t\t\t\t\t\t\t<div class=\"elementor-field-type-textarea elementor-field-group elementor-column elementor-field-group-message elementor-col-100\">\n\t\t\t\t\t\t\t\t\t\t\t\t<label for=\"form-field-message\" class=\"elementor-field-label\">\n\t\t\t\t\t\t\t\tMitteilung\t\t\t\t\t\t\t<\/label>\n\t\t\t\t\t\t<textarea class=\"elementor-field-textual elementor-field  elementor-size-xs\" name=\"form_fields[message]\" id=\"form-field-message\" rows=\"4\" placeholder=\"Message\"><\/textarea>\t\t\t\t<\/div>\n\t\t\t\t\t\t\t\t<div class=\"elementor-field-type-text\">\n\t\t\t\t\t<input size=\"1\" type=\"text\" name=\"form_fields[field_152fa77]\" id=\"form-field-field_152fa77\" class=\"elementor-field elementor-size-xs \" style=\"display:none !important;\">\t\t\t\t<\/div>\n\t\t\t\t\t\t\t\t<div class=\"elementor-field-group elementor-column elementor-field-type-submit elementor-col-100 e-form__buttons\">\n\t\t\t\t\t<button class=\"elementor-button elementor-size-sm\" type=\"submit\">\n\t\t\t\t\t\t<span class=\"elementor-button-content-wrapper\">\n\t\t\t\t\t\t\t\t\t\t\t\t\t\t\t\t\t\t\t\t\t\t<span class=\"elementor-button-text\">Senden<\/span>\n\t\t\t\t\t\t\t\t\t\t\t\t\t<\/span>\n\t\t\t\t\t<\/button>\n\t\t\t\t<\/div>\n\t\t\t<\/div>\n\t\t<\/form>\n\t\t\t\t\t\t<\/div>\n\t\t\t\t<\/div>\n\t\t\t\t\t<\/div>\n\t\t<\/div>\n\t\t\t\t<div class=\"elementor-column elementor-col-33 elementor-top-column elementor-element elementor-element-b106513\" data-id=\"b106513\" data-element_type=\"column\" data-e-type=\"column\">\n\t\t\t<div class=\"elementor-widget-wrap\">\n\t\t\t\t\t\t\t<\/div>\n\t\t<\/div>\n\t\t\t\t\t<\/div>\n\t\t<\/section>\n\t\t\t\t<\/div>\n\t\t","protected":false},"excerpt":{"rendered":"<p>Schwimmschule Tortuga &#8211; SV Kettwig 1907 e.V. &#8211; Anmeldung Vielen Dank f\u00fcr Ihr Interesse an einem unserer Schwimmkurse! Die Kursteilnahme erfordert keine Vereinsmitgliedschaft. Daf\u00fcr erheben wir eine Kursgeb\u00fchr, die zur Teilnahme an allen Terminen der Kursdauer berechtigt. Mit unserem Kursangebot k\u00f6nnen Sie also ohne weitere Verpflichtungen von unserer langj\u00e4hrigen Erfahrung im Wassersportbereich profitieren. F\u00fcr einen [&hellip;]<\/p>\n","protected":false},"author":2,"featured_media":0,"parent":0,"menu_order":7,"comment_status":"closed","ping_status":"closed","template":"","meta":{"site-sidebar-layout":"no-sidebar","site-content-layout":"page-builder","ast-site-content-layout":"default","site-content-style":"default","site-sidebar-style":"default","ast-global-header-display":"","ast-banner-title-visibility":"","ast-main-header-display":"","ast-hfb-above-header-display":"","ast-hfb-below-header-display":"","ast-hfb-mobile-header-display":"","site-post-title":"disabled","ast-breadcrumbs-content":"","ast-featured-img":"disabled","footer-sml-layout":"","ast-disable-related-posts":"","theme-transparent-header-meta":"","adv-header-id-meta":"","stick-header-meta":"","header-above-stick-meta":"","header-main-stick-meta":"","header-below-stick-meta":"","astra-migrate-meta-layouts":"default","ast-page-background-enabled":"default","ast-page-background-meta":{"desktop":{"background-color":"var(--ast-global-color-4)","background-image":"","background-repeat":"repeat","background-position":"center center","background-size":"auto","background-attachment":"scroll","background-type":"","background-media":"","overlay-type":"","overlay-color":"","overlay-opacity":"","overlay-gradient":""},"tablet":{"background-color":"","background-image":"","background-repeat":"repeat","background-position":"center center","background-size":"auto","background-attachment":"scroll","background-type":"","background-media":"","overlay-type":"","overlay-color":"","overlay-opacity":"","overlay-gradient":""},"mobile":{"background-color":"","background-image":"","background-repeat":"repeat","background-position":"center center","background-size":"auto","background-attachment":"scroll","background-type":"","background-media":"","overlay-type":"","overlay-color":"","overlay-opacity":"","overlay-gradient":""}},"ast-content-background-meta":{"desktop":{"background-color":"var(--ast-global-color-5)","background-image":"","background-repeat":"repeat","background-position":"center center","background-size":"auto","background-attachment":"scroll","background-type":"","background-media":"","overlay-type":"","overlay-color":"","overlay-opacity":"","overlay-gradient":""},"tablet":{"background-color":"var(--ast-global-color-5)","background-image":"","background-repeat":"repeat","background-position":"center center","background-size":"auto","background-attachment":"scroll","background-type":"","background-media":"","overlay-type":"","overlay-color":"","overlay-opacity":"","overlay-gradient":""},"mobile":{"background-color":"var(--ast-global-color-5)","background-image":"","background-repeat":"repeat","background-position":"center center","background-size":"auto","background-attachment":"scroll","background-type":"","background-media":"","overlay-type":"","overlay-color":"","overlay-opacity":"","overlay-gradient":""}},"footnotes":""},"class_list":["post-487","page","type-page","status-publish","hentry"],"_links":{"self":[{"href":"https:\/\/svkettwig07.de\/en\/wp-json\/wp\/v2\/pages\/487","targetHints":{"allow":["GET"]}}],"collection":[{"href":"https:\/\/svkettwig07.de\/en\/wp-json\/wp\/v2\/pages"}],"about":[{"href":"https:\/\/svkettwig07.de\/en\/wp-json\/wp\/v2\/types\/page"}],"author":[{"embeddable":true,"href":"https:\/\/svkettwig07.de\/en\/wp-json\/wp\/v2\/users\/2"}],"replies":[{"embeddable":true,"href":"https:\/\/svkettwig07.de\/en\/wp-json\/wp\/v2\/comments?post=487"}],"version-history":[{"count":129,"href":"https:\/\/svkettwig07.de\/en\/wp-json\/wp\/v2\/pages\/487\/revisions"}],"predecessor-version":[{"id":9252,"href":"https:\/\/svkettwig07.de\/en\/wp-json\/wp\/v2\/pages\/487\/revisions\/9252"}],"wp:attachment":[{"href":"https:\/\/svkettwig07.de\/en\/wp-json\/wp\/v2\/media?parent=487"}],"curies":[{"name":"wp","href":"https:\/\/api.w.org\/{rel}","templated":true}]}}