{"id":6294,"date":"2024-10-08T11:25:35","date_gmt":"2024-10-08T09:25:35","guid":{"rendered":"https:\/\/svkettwig07.de\/?page_id=6294"},"modified":"2024-11-14T20:10:31","modified_gmt":"2024-11-14T19:10:31","slug":"verstaerkungdesteams","status":"publish","type":"page","link":"https:\/\/svkettwig07.de\/en\/verstaerkungdesteams\/","title":{"rendered":"Verst\u00e4rkung des Teams"},"content":{"rendered":"\t\t<div data-elementor-type=\"wp-page\" data-elementor-id=\"6294\" class=\"elementor elementor-6294\" data-elementor-post-type=\"page\">\n\t\t\t\t\t\t<section class=\"elementor-section elementor-top-section elementor-element elementor-element-97cbaa5 elementor-section-boxed elementor-section-height-default elementor-section-height-default\" data-id=\"97cbaa5\" data-element_type=\"section\" data-e-type=\"section\">\n\t\t\t\t\t\t<div class=\"elementor-container elementor-column-gap-default\">\n\t\t\t\t\t<div class=\"elementor-column elementor-col-33 elementor-top-column elementor-element elementor-element-d09533a\" data-id=\"d09533a\" data-element_type=\"column\" data-e-type=\"column\">\n\t\t\t<div class=\"elementor-widget-wrap\">\n\t\t\t\t\t\t\t<\/div>\n\t\t<\/div>\n\t\t\t\t<div class=\"elementor-column elementor-col-33 elementor-top-column elementor-element elementor-element-67fab9a\" data-id=\"67fab9a\" data-element_type=\"column\" data-e-type=\"column\">\n\t\t\t<div class=\"elementor-widget-wrap elementor-element-populated\">\n\t\t\t\t\t\t<div class=\"elementor-element elementor-element-035cd89 elementor-widget elementor-widget-heading\" data-id=\"035cd89\" data-element_type=\"widget\" data-e-type=\"widget\" data-widget_type=\"heading.default\">\n\t\t\t\t<div class=\"elementor-widget-container\">\n\t\t\t\t\t<h2 class=\"elementor-heading-title elementor-size-default\">Verst\u00e4rkung des Teams<\/h2>\t\t\t\t<\/div>\n\t\t\t\t<\/div>\n\t\t\t\t\t<\/div>\n\t\t<\/div>\n\t\t\t\t<div class=\"elementor-column elementor-col-33 elementor-top-column elementor-element elementor-element-d1de0ad\" data-id=\"d1de0ad\" data-element_type=\"column\" data-e-type=\"column\">\n\t\t\t<div class=\"elementor-widget-wrap\">\n\t\t\t\t\t\t\t<\/div>\n\t\t<\/div>\n\t\t\t\t\t<\/div>\n\t\t<\/section>\n\t\t\t\t<section class=\"elementor-section elementor-top-section elementor-element elementor-element-2f4f644 elementor-section-boxed elementor-section-height-default elementor-section-height-default\" data-id=\"2f4f644\" data-element_type=\"section\" data-e-type=\"section\">\n\t\t\t\t\t\t<div class=\"elementor-container elementor-column-gap-default\">\n\t\t\t\t\t<div class=\"elementor-column elementor-col-50 elementor-top-column elementor-element elementor-element-a627de7\" data-id=\"a627de7\" data-element_type=\"column\" data-e-type=\"column\">\n\t\t\t<div class=\"elementor-widget-wrap elementor-element-populated\">\n\t\t\t\t\t\t<div class=\"elementor-element elementor-element-714a746 elementor-widget elementor-widget-image\" data-id=\"714a746\" data-element_type=\"widget\" data-e-type=\"widget\" data-widget_type=\"image.default\">\n\t\t\t\t<div class=\"elementor-widget-container\">\n\t\t\t\t\t\t\t\t\t\t\t\t\t\t\t<img fetchpriority=\"high\" decoding=\"async\" width=\"1024\" height=\"1024\" src=\"https:\/\/svkettwig07.de\/wp-content\/uploads\/2024\/10\/Stellenausschreibung-1024x1024.jpg\" class=\"attachment-large size-large wp-image-6310\" alt=\"\" srcset=\"https:\/\/svkettwig07.de\/wp-content\/uploads\/2024\/10\/Stellenausschreibung-1024x1024.jpg 1024w, https:\/\/svkettwig07.de\/wp-content\/uploads\/2024\/10\/Stellenausschreibung-300x300.jpg 300w, https:\/\/svkettwig07.de\/wp-content\/uploads\/2024\/10\/Stellenausschreibung-150x150.jpg 150w, https:\/\/svkettwig07.de\/wp-content\/uploads\/2024\/10\/Stellenausschreibung-768x768.jpg 768w, https:\/\/svkettwig07.de\/wp-content\/uploads\/2024\/10\/Stellenausschreibung-12x12.jpg 12w, https:\/\/svkettwig07.de\/wp-content\/uploads\/2024\/10\/Stellenausschreibung.jpg 1080w\" sizes=\"(max-width: 1024px) 100vw, 1024px\" \/>\t\t\t\t\t\t\t\t\t\t\t\t\t\t\t<\/div>\n\t\t\t\t<\/div>\n\t\t\t\t\t<\/div>\n\t\t<\/div>\n\t\t\t\t<div class=\"elementor-column elementor-col-50 elementor-top-column elementor-element elementor-element-6d24e50\" data-id=\"6d24e50\" data-element_type=\"column\" data-e-type=\"column\">\n\t\t\t<div class=\"elementor-widget-wrap elementor-element-populated\">\n\t\t\t\t\t\t<div class=\"elementor-element elementor-element-f7ae87b elementor-widget elementor-widget-text-editor\" data-id=\"f7ae87b\" data-element_type=\"widget\" data-e-type=\"widget\" data-widget_type=\"text-editor.default\">\n\t\t\t\t<div class=\"elementor-widget-container\">\n\t\t\t\t\t\t\t\t\t<p>Wir suchen Verst\u00e4rkung f\u00fcr unsere Schwimmkurse und Vereinsgruppen.<br \/>Unsere Wasserzeiten im <strong>Schwimmzentrum Kettwig<\/strong> (im Teelbruch 10-12, 45219 Essen) sind:<\/p><ul><li><strong>Montags<\/strong> von 17 Uhr bis 19:30 Uhr,<\/li><li><strong>Mittwochs<\/strong> von 17 Uhr bis 20:45 Uhr,<\/li><li><strong>Freitags<\/strong> von 18 Uhr bis 21 Uhr und<\/li><li><strong>Samstags<\/strong> von 14 Uhr bis 15:40 Uhr<\/li><\/ul><p>In dieser Zeit finden verschiedene Kurse und Gruppen statt, welche f\u00fcr dich in Frage kommen, k\u00f6nnen wir gerne genauer besprechen.<br \/>Du hast Interesse und regelm\u00e4\u00dfig an mindestens einem der Termine Zeit? <br \/>Dann melde dich bei uns per Mail oder dem untenstehenden Kontaktformular \u2013 wir freuen uns auf deine Anfrage!<\/p>\t\t\t\t\t\t\t\t<\/div>\n\t\t\t\t<\/div>\n\t\t\t\t\t<\/div>\n\t\t<\/div>\n\t\t\t\t\t<\/div>\n\t\t<\/section>\n\t\t\t\t<section class=\"elementor-section elementor-top-section elementor-element elementor-element-6d5833e elementor-section-boxed elementor-section-height-default elementor-section-height-default\" data-id=\"6d5833e\" data-element_type=\"section\" data-e-type=\"section\">\n\t\t\t\t\t\t<div class=\"elementor-container elementor-column-gap-default\">\n\t\t\t\t\t<div class=\"elementor-column elementor-col-33 elementor-top-column elementor-element elementor-element-1e6a8c9\" data-id=\"1e6a8c9\" data-element_type=\"column\" data-e-type=\"column\">\n\t\t\t<div class=\"elementor-widget-wrap\">\n\t\t\t\t\t\t\t<\/div>\n\t\t<\/div>\n\t\t\t\t<div class=\"elementor-column elementor-col-33 elementor-top-column elementor-element elementor-element-b67ffc0\" data-id=\"b67ffc0\" data-element_type=\"column\" data-e-type=\"column\">\n\t\t\t<div class=\"elementor-widget-wrap elementor-element-populated\">\n\t\t\t\t\t\t<div class=\"elementor-element elementor-element-f204daf elementor-widget elementor-widget-heading\" data-id=\"f204daf\" data-element_type=\"widget\" data-e-type=\"widget\" data-widget_type=\"heading.default\">\n\t\t\t\t<div class=\"elementor-widget-container\">\n\t\t\t\t\t<h2 class=\"elementor-heading-title elementor-size-default\">Kontaktformular<\/h2>\t\t\t\t<\/div>\n\t\t\t\t<\/div>\n\t\t\t\t<div class=\"elementor-element elementor-element-7b2783f elementor-button-align-stretch elementor-widget elementor-widget-form\" data-id=\"7b2783f\" data-element_type=\"widget\" data-e-type=\"widget\" data-settings=\"{&quot;step_next_label&quot;:&quot;N\\u00e4chster&quot;,&quot;step_previous_label&quot;:&quot;Voriger&quot;,&quot;button_width&quot;:&quot;100&quot;,&quot;step_type&quot;:&quot;number_text&quot;,&quot;step_icon_shape&quot;:&quot;circle&quot;}\" data-widget_type=\"form.default\">\n\t\t\t\t<div class=\"elementor-widget-container\">\n\t\t\t\t\t\t\t<form class=\"elementor-form\" method=\"post\" name=\"Anmeldungsformular\" aria-label=\"Anmeldungsformular\">\n\t\t\t<input type=\"hidden\" name=\"post_id\" value=\"6294\"\/>\n\t\t\t<input type=\"hidden\" name=\"form_id\" value=\"7b2783f\"\/>\n\t\t\t<input type=\"hidden\" name=\"referer_title\" value=\"\" \/>\n\n\t\t\t\n\t\t\t<div class=\"elementor-form-fields-wrapper elementor-labels-above\">\n\t\t\t\t\t\t\t\t<div class=\"elementor-field-type-text elementor-field-group elementor-column elementor-field-group-name elementor-col-100 elementor-field-required elementor-mark-required\">\n\t\t\t\t\t\t\t\t\t\t\t\t<label for=\"form-field-name\" class=\"elementor-field-label\">\n\t\t\t\t\t\t\t\tVor- & Nachname\t\t\t\t\t\t\t<\/label>\n\t\t\t\t\t\t\t\t\t\t\t\t\t\t<input size=\"1\" type=\"text\" name=\"form_fields[name]\" id=\"form-field-name\" class=\"elementor-field elementor-size-xs  elementor-field-textual\" placeholder=\"Vor- &amp; Nachname\" required=\"required\">\n\t\t\t\t\t\t\t\t\t\t\t<\/div>\n\t\t\t\t\t\t\t\t<div class=\"elementor-field-type-text\">\n\t\t\t\t\t<input size=\"1\" type=\"text\" name=\"form_fields[field_bd92a08]\" id=\"form-field-field_bd92a08\" class=\"elementor-field elementor-size-xs \" style=\"display:none !important;\">\t\t\t\t<\/div>\n\t\t\t\t\t\t\t\t<div class=\"elementor-field-type-email elementor-field-group elementor-column elementor-field-group-email elementor-col-100 elementor-field-required elementor-mark-required\">\n\t\t\t\t\t\t\t\t\t\t\t\t<label for=\"form-field-email\" class=\"elementor-field-label\">\n\t\t\t\t\t\t\t\tE-Mail\t\t\t\t\t\t\t<\/label>\n\t\t\t\t\t\t\t\t\t\t\t\t\t\t<input size=\"1\" type=\"email\" name=\"form_fields[email]\" id=\"form-field-email\" class=\"elementor-field elementor-size-xs  elementor-field-textual\" placeholder=\"E-Mail\" required=\"required\">\n\t\t\t\t\t\t\t\t\t\t\t<\/div>\n\t\t\t\t\t\t\t\t<div class=\"elementor-field-type-tel elementor-field-group elementor-column elementor-field-group-field_c440a9b elementor-col-100\">\n\t\t\t\t\t\t\t\t\t\t\t\t<label for=\"form-field-field_c440a9b\" class=\"elementor-field-label\">\n\t\t\t\t\t\t\t\tTelefonnummer\t\t\t\t\t\t\t<\/label>\n\t\t\t\t\t\t\t\t<input size=\"1\" type=\"tel\" name=\"form_fields[field_c440a9b]\" id=\"form-field-field_c440a9b\" class=\"elementor-field elementor-size-xs  elementor-field-textual\" pattern=\"[0-9()#&amp;+*-=.]+\" title=\"Only numbers and phone characters (#, -, *, etc) are accepted.\">\n\n\t\t\t\t\t\t<\/div>\n\t\t\t\t\t\t\t\t<div class=\"elementor-field-type-text\">\n\t\t\t\t\t<input size=\"1\" type=\"text\" name=\"form_fields[field_9e72bd4]\" id=\"form-field-field_9e72bd4\" class=\"elementor-field elementor-size-xs \" style=\"display:none !important;\">\t\t\t\t<\/div>\n\t\t\t\t\t\t\t\t<div class=\"elementor-field-type-date elementor-field-group elementor-column elementor-field-group-field_6a92917 elementor-col-100 elementor-field-required elementor-mark-required\">\n\t\t\t\t\t\t\t\t\t\t\t\t<label for=\"form-field-field_6a92917\" class=\"elementor-field-label\">\n\t\t\t\t\t\t\t\tGeburtsdatum\t\t\t\t\t\t\t<\/label>\n\t\t\t\t\t\t\n\t\t<input type=\"date\" name=\"form_fields[field_6a92917]\" id=\"form-field-field_6a92917\" class=\"elementor-field elementor-size-xs  elementor-field-textual elementor-date-field\" placeholder=\"TT.MM.JJJJ\" required=\"required\" pattern=\"[0-9]{4}-[0-9]{2}-[0-9]{2}\">\n\t\t\t\t\t\t<\/div>\n\t\t\t\t\t\t\t\t<div class=\"elementor-field-type-text\">\n\t\t\t\t\t<input size=\"1\" type=\"text\" name=\"form_fields[field_1ddf923]\" id=\"form-field-field_1ddf923\" class=\"elementor-field elementor-size-xs \" style=\"display:none !important;\">\t\t\t\t<\/div>\n\t\t\t\t\t\t\t\t<div class=\"elementor-field-type-checkbox elementor-field-group elementor-column elementor-field-group-field_7a6526a elementor-col-100\">\n\t\t\t\t\t\t\t\t\t\t\t\t<label for=\"form-field-field_7a6526a\" class=\"elementor-field-label\">\n\t\t\t\t\t\t\t\tBisherige Vorkenntnisse (Ankreuzen, wenn vorhanden) \t\t\t\t\t\t\t<\/label>\n\t\t\t\t\t\t<div class=\"elementor-field-subgroup  elementor-subgroup-inline\"><span class=\"elementor-field-option\"><input type=\"checkbox\" value=\"1. Hilfe\" id=\"form-field-field_7a6526a-0\" name=\"form_fields[field_7a6526a][]\"> <label for=\"form-field-field_7a6526a-0\">1. Hilfe<\/label><\/span><span class=\"elementor-field-option\"><input type=\"checkbox\" value=\"DLRG Rettungsschwimmer (Bronze o. Silber)\" id=\"form-field-field_7a6526a-1\" name=\"form_fields[field_7a6526a][]\"> <label for=\"form-field-field_7a6526a-1\">DLRG Rettungsschwimmer (Bronze o. Silber)<\/label><\/span><span class=\"elementor-field-option\"><input type=\"checkbox\" value=\"Trainerausbildung (Schwimmlehrer \/ Trainer-C \/ -B \/ -A)\" id=\"form-field-field_7a6526a-2\" name=\"form_fields[field_7a6526a][]\"> <label for=\"form-field-field_7a6526a-2\">Trainerausbildung (Schwimmlehrer \/ Trainer-C \/ -B \/ -A)<\/label><\/span><\/div>\t\t\t\t<\/div>\n\t\t\t\t\t\t\t\t<div class=\"elementor-field-type-text\">\n\t\t\t\t\t<input size=\"1\" type=\"text\" name=\"form_fields[field_152fa77]\" id=\"form-field-field_152fa77\" class=\"elementor-field elementor-size-xs \" style=\"display:none !important;\">\t\t\t\t<\/div>\n\t\t\t\t\t\t\t\t<div class=\"elementor-field-type-textarea elementor-field-group elementor-column elementor-field-group-message elementor-col-100 elementor-field-required elementor-mark-required\">\n\t\t\t\t\t\t\t\t\t\t\t\t<label for=\"form-field-message\" class=\"elementor-field-label\">\n\t\t\t\t\t\t\t\tMitteilung\t\t\t\t\t\t\t<\/label>\n\t\t\t\t\t\t<textarea class=\"elementor-field-textual elementor-field  elementor-size-xs\" name=\"form_fields[message]\" id=\"form-field-message\" rows=\"4\" required=\"required\"><\/textarea>\t\t\t\t<\/div>\n\t\t\t\t\t\t\t\t<div class=\"elementor-field-group elementor-column elementor-field-type-submit elementor-col-100 e-form__buttons\">\n\t\t\t\t\t<button class=\"elementor-button elementor-size-sm\" type=\"submit\">\n\t\t\t\t\t\t<span class=\"elementor-button-content-wrapper\">\n\t\t\t\t\t\t\t\t\t\t\t\t\t\t\t\t\t\t\t\t\t\t<span class=\"elementor-button-text\">Senden<\/span>\n\t\t\t\t\t\t\t\t\t\t\t\t\t<\/span>\n\t\t\t\t\t<\/button>\n\t\t\t\t<\/div>\n\t\t\t<\/div>\n\t\t<\/form>\n\t\t\t\t\t\t<\/div>\n\t\t\t\t<\/div>\n\t\t\t\t\t<\/div>\n\t\t<\/div>\n\t\t\t\t<div class=\"elementor-column elementor-col-33 elementor-top-column elementor-element elementor-element-2916b4c\" data-id=\"2916b4c\" data-element_type=\"column\" data-e-type=\"column\">\n\t\t\t<div class=\"elementor-widget-wrap\">\n\t\t\t\t\t\t\t<\/div>\n\t\t<\/div>\n\t\t\t\t\t<\/div>\n\t\t<\/section>\n\t\t\t\t<\/div>\n\t\t","protected":false},"excerpt":{"rendered":"<p>Verst\u00e4rkung des Teams Wir suchen Verst\u00e4rkung f\u00fcr unsere Schwimmkurse und Vereinsgruppen.Unsere Wasserzeiten im Schwimmzentrum Kettwig (im Teelbruch 10-12, 45219 Essen) sind: Montags von 17 Uhr bis 19:30 Uhr, Mittwochs von 17 Uhr bis 20:45 Uhr, Freitags von 18 Uhr bis 21 Uhr und Samstags von 14 Uhr bis 15:40 Uhr In dieser Zeit finden verschiedene [&hellip;]<\/p>\n","protected":false},"author":2,"featured_media":0,"parent":0,"menu_order":51,"comment_status":"closed","ping_status":"closed","template":"","meta":{"site-sidebar-layout":"no-sidebar","site-content-layout":"page-builder","ast-site-content-layout":"full-width-container","site-content-style":"default","site-sidebar-style":"default","ast-global-header-display":"","ast-banner-title-visibility":"","ast-main-header-display":"","ast-hfb-above-header-display":"","ast-hfb-below-header-display":"","ast-hfb-mobile-header-display":"","site-post-title":"disabled","ast-breadcrumbs-content":"","ast-featured-img":"disabled","footer-sml-layout":"","ast-disable-related-posts":"","theme-transparent-header-meta":"","adv-header-id-meta":"","stick-header-meta":"","header-above-stick-meta":"","header-main-stick-meta":"","header-below-stick-meta":"","astra-migrate-meta-layouts":"set","ast-page-background-enabled":"default","ast-page-background-meta":{"desktop":{"background-color":"var(--ast-global-color-4)","background-image":"","background-repeat":"repeat","background-position":"center center","background-size":"auto","background-attachment":"scroll","background-type":"","background-media":"","overlay-type":"","overlay-color":"","overlay-opacity":"","overlay-gradient":""},"tablet":{"background-color":"","background-image":"","background-repeat":"repeat","background-position":"center center","background-size":"auto","background-attachment":"scroll","background-type":"","background-media":"","overlay-type":"","overlay-color":"","overlay-opacity":"","overlay-gradient":""},"mobile":{"background-color":"","background-image":"","background-repeat":"repeat","background-position":"center center","background-size":"auto","background-attachment":"scroll","background-type":"","background-media":"","overlay-type":"","overlay-color":"","overlay-opacity":"","overlay-gradient":""}},"ast-content-background-meta":{"desktop":{"background-color":"var(--ast-global-color-5)","background-image":"","background-repeat":"repeat","background-position":"center center","background-size":"auto","background-attachment":"scroll","background-type":"","background-media":"","overlay-type":"","overlay-color":"","overlay-opacity":"","overlay-gradient":""},"tablet":{"background-color":"var(--ast-global-color-5)","background-image":"","background-repeat":"repeat","background-position":"center center","background-size":"auto","background-attachment":"scroll","background-type":"","background-media":"","overlay-type":"","overlay-color":"","overlay-opacity":"","overlay-gradient":""},"mobile":{"background-color":"var(--ast-global-color-5)","background-image":"","background-repeat":"repeat","background-position":"center center","background-size":"auto","background-attachment":"scroll","background-type":"","background-media":"","overlay-type":"","overlay-color":"","overlay-opacity":"","overlay-gradient":""}},"footnotes":""},"class_list":["post-6294","page","type-page","status-publish","hentry"],"_links":{"self":[{"href":"https:\/\/svkettwig07.de\/en\/wp-json\/wp\/v2\/pages\/6294","targetHints":{"allow":["GET"]}}],"collection":[{"href":"https:\/\/svkettwig07.de\/en\/wp-json\/wp\/v2\/pages"}],"about":[{"href":"https:\/\/svkettwig07.de\/en\/wp-json\/wp\/v2\/types\/page"}],"author":[{"embeddable":true,"href":"https:\/\/svkettwig07.de\/en\/wp-json\/wp\/v2\/users\/2"}],"replies":[{"embeddable":true,"href":"https:\/\/svkettwig07.de\/en\/wp-json\/wp\/v2\/comments?post=6294"}],"version-history":[{"count":12,"href":"https:\/\/svkettwig07.de\/en\/wp-json\/wp\/v2\/pages\/6294\/revisions"}],"predecessor-version":[{"id":6470,"href":"https:\/\/svkettwig07.de\/en\/wp-json\/wp\/v2\/pages\/6294\/revisions\/6470"}],"wp:attachment":[{"href":"https:\/\/svkettwig07.de\/en\/wp-json\/wp\/v2\/media?parent=6294"}],"curies":[{"name":"wp","href":"https:\/\/api.w.org\/{rel}","templated":true}]}}