{"id":6562,"date":"2024-11-16T00:48:49","date_gmt":"2024-11-15T23:48:49","guid":{"rendered":"https:\/\/svkettwig07.de\/?page_id=6562"},"modified":"2026-03-24T01:02:09","modified_gmt":"2026-03-24T00:02:09","slug":"downloads","status":"publish","type":"page","link":"https:\/\/svkettwig07.de\/en\/downloads\/","title":{"rendered":"Downloads"},"content":{"rendered":"<div data-elementor-type=\"wp-page\" data-elementor-id=\"6562\" class=\"elementor elementor-6562\" data-elementor-post-type=\"page\">\n\t\t\t\t\t\t<section class=\"elementor-section elementor-top-section elementor-element elementor-element-55f9110 elementor-section-boxed elementor-section-height-default elementor-section-height-default\" data-id=\"55f9110\" data-element_type=\"section\" data-e-type=\"section\">\n\t\t\t\t\t\t<div class=\"elementor-container elementor-column-gap-default\">\n\t\t\t\t\t<div class=\"elementor-column elementor-col-33 elementor-top-column elementor-element elementor-element-e698d0d\" data-id=\"e698d0d\" data-element_type=\"column\" data-e-type=\"column\">\n\t\t\t<div class=\"elementor-widget-wrap elementor-element-populated\">\n\t\t\t\t\t\t<div class=\"elementor-element elementor-element-13f8ce5 elementor-widget elementor-widget-image\" data-id=\"13f8ce5\" data-element_type=\"widget\" data-e-type=\"widget\" data-widget_type=\"image.default\">\n\t\t\t\t<div class=\"elementor-widget-container\">\n\t\t\t\t\t\t\t\t\t\t\t\t\t\t\t<img decoding=\"async\" src=\"https:\/\/svkettwig07.de\/wp-content\/uploads\/elementor\/thumbs\/Emma-Ostern_transparent-r3xp9f3fdck0pfzhdigtjpzfjn068e195x37m7clt4.png\" title=\"Emma-Ostern_transparent\" alt=\"Emma-Ostern_transparent\" loading=\"lazy\" \/>\t\t\t\t\t\t\t\t\t\t\t\t\t\t\t<\/div>\n\t\t\t\t<\/div>\n\t\t\t\t\t<\/div>\n\t\t<\/div>\n\t\t\t\t<div class=\"elementor-column elementor-col-33 elementor-top-column elementor-element elementor-element-b46a1e3\" data-id=\"b46a1e3\" data-element_type=\"column\" data-e-type=\"column\">\n\t\t\t<div class=\"elementor-widget-wrap elementor-element-populated\">\n\t\t\t\t\t\t<div class=\"elementor-element elementor-element-eb83c2d elementor-widget elementor-widget-heading\" data-id=\"eb83c2d\" data-element_type=\"widget\" data-e-type=\"widget\" data-widget_type=\"heading.default\">\n\t\t\t\t<div class=\"elementor-widget-container\">\n\t\t\t\t\t<h1 class=\"elementor-heading-title elementor-size-default\">Schwimmschule Tortuga<\/h1>\t\t\t\t<\/div>\n\t\t\t\t<\/div>\n\t\t\t\t<div class=\"elementor-element elementor-element-553532f elementor-widget elementor-widget-heading\" data-id=\"553532f\" data-element_type=\"widget\" data-e-type=\"widget\" data-widget_type=\"heading.default\">\n\t\t\t\t<div class=\"elementor-widget-container\">\n\t\t\t\t\t<h2 class=\"elementor-heading-title elementor-size-default\">- SV Kettwig 1907 e.V. - <\/h2>\t\t\t\t<\/div>\n\t\t\t\t<\/div>\n\t\t\t\t\t<\/div>\n\t\t<\/div>\n\t\t\t\t<div class=\"elementor-column elementor-col-33 elementor-top-column elementor-element elementor-element-8edf10d\" data-id=\"8edf10d\" data-element_type=\"column\" data-e-type=\"column\">\n\t\t\t<div class=\"elementor-widget-wrap elementor-element-populated\">\n\t\t\t\t\t\t<div class=\"elementor-element elementor-element-c373086 elementor-widget elementor-widget-image\" data-id=\"c373086\" data-element_type=\"widget\" data-e-type=\"widget\" data-widget_type=\"image.default\">\n\t\t\t\t<div class=\"elementor-widget-container\">\n\t\t\t\t\t\t\t\t\t\t\t\t\t\t\t<img decoding=\"async\" src=\"https:\/\/svkettwig07.de\/wp-content\/uploads\/elementor\/thumbs\/Anton-Ostern_transparent-r3xp9yu18hfgd43v5ys456p9ydq4zg35wsvoa6542w.png\" title=\"Anton-Ostern_transparent\" alt=\"Anton-Ostern_transparent\" loading=\"lazy\" \/>\t\t\t\t\t\t\t\t\t\t\t\t\t\t\t<\/div>\n\t\t\t\t<\/div>\n\t\t\t\t\t<\/div>\n\t\t<\/div>\n\t\t\t\t\t<\/div>\n\t\t<\/section>\n\t\t\t\t<section class=\"elementor-section elementor-top-section elementor-element elementor-element-405226b elementor-section-boxed elementor-section-height-default elementor-section-height-default\" data-id=\"405226b\" data-element_type=\"section\" data-e-type=\"section\">\n\t\t\t\t\t\t<div class=\"elementor-container elementor-column-gap-default\">\n\t\t\t\t\t<div class=\"elementor-column elementor-col-100 elementor-top-column elementor-element elementor-element-cc15775\" data-id=\"cc15775\" data-element_type=\"column\" data-e-type=\"column\">\n\t\t\t<div class=\"elementor-widget-wrap elementor-element-populated\">\n\t\t\t\t\t\t<div class=\"elementor-element elementor-element-f7e0cb6 elementor-widget elementor-widget-heading\" data-id=\"f7e0cb6\" data-element_type=\"widget\" data-e-type=\"widget\" data-widget_type=\"heading.default\">\n\t\t\t\t<div class=\"elementor-widget-container\">\n\t\t\t\t\t<h2 class=\"elementor-heading-title elementor-size-default\">Downloads<\/h2>\t\t\t\t<\/div>\n\t\t\t\t<\/div>\n\t\t\t\t\t<\/div>\n\t\t<\/div>\n\t\t\t\t\t<\/div>\n\t\t<\/section>\n\t\t\t\t<section class=\"elementor-section elementor-top-section elementor-element elementor-element-d413925 elementor-section-boxed elementor-section-height-default elementor-section-height-default\" data-id=\"d413925\" data-element_type=\"section\" data-e-type=\"section\">\n\t\t\t\t\t\t<div class=\"elementor-container elementor-column-gap-default\">\n\t\t\t\t\t<div class=\"elementor-column elementor-col-33 elementor-top-column elementor-element elementor-element-d1428b1\" data-id=\"d1428b1\" data-element_type=\"column\" data-e-type=\"column\">\n\t\t\t<div class=\"elementor-widget-wrap elementor-element-populated\">\n\t\t\t\t\t\t<div class=\"elementor-element elementor-element-4f21872 elementor-nav-menu--dropdown-tablet elementor-nav-menu__text-align-aside elementor-nav-menu--toggle elementor-nav-menu--burger elementor-widget elementor-widget-global elementor-global-538 elementor-widget-nav-menu\" data-id=\"4f21872\" data-element_type=\"widget\" data-e-type=\"widget\" data-settings=\"{&quot;layout&quot;:&quot;vertical&quot;,&quot;submenu_icon&quot;:{&quot;value&quot;:&quot;fas fa-caret-down&quot;,&quot;library&quot;:&quot;fa-solid&quot;},&quot;toggle&quot;:&quot;burger&quot;}\" data-widget_type=\"nav-menu.default\">\n\t\t\t\t<div class=\"elementor-widget-container\">\n\t\t\t\t\t\t\t\t<nav aria-label=\"Menu\" class=\"elementor-nav-menu--main elementor-nav-menu__container elementor-nav-menu--layout-vertical e--pointer-underline e--animation-fade\">\n\t\t\t\t<ul id=\"menu-1-4f21872\" class=\"elementor-nav-menu sm-vertical\"><li class=\"menu-item menu-item-type-post_type menu-item-object-page menu-item-506\"><a href=\"https:\/\/svkettwig07.de\/en\/schwimmschule-tortuga\/\" class=\"elementor-item menu-link\">Schwimmschule Tortuga<\/a><\/li>\n<li class=\"menu-item menu-item-type-post_type menu-item-object-page menu-item-1429\"><a href=\"https:\/\/svkettwig07.de\/en\/news\/\" class=\"elementor-item menu-link\">NEWS<\/a><\/li>\n<li class=\"menu-item menu-item-type-post_type menu-item-object-page menu-item-507\"><a href=\"https:\/\/svkettwig07.de\/en\/team-tortuga\/\" class=\"elementor-item menu-link\">Team Tortuga<\/a><\/li>\n<li class=\"menu-item menu-item-type-post_type menu-item-object-page menu-item-508\"><a href=\"https:\/\/svkettwig07.de\/en\/kurse\/\" class=\"elementor-item menu-link\">Courses<\/a><\/li>\n<li class=\"menu-item menu-item-type-post_type menu-item-object-page menu-item-509\"><a href=\"https:\/\/svkettwig07.de\/en\/kurszeiten\/\" class=\"elementor-item menu-link\">Course Times<\/a><\/li>\n<li class=\"menu-item menu-item-type-post_type menu-item-object-page menu-item-9176\"><a href=\"https:\/\/svkettwig07.de\/en\/intensivkurse\/\" class=\"elementor-item menu-link\">Intensivkurse<\/a><\/li>\n<li class=\"menu-item menu-item-type-post_type menu-item-object-page menu-item-510\"><a href=\"https:\/\/svkettwig07.de\/en\/faqs\/\" class=\"elementor-item menu-link\">FAQs<\/a><\/li>\n<li class=\"menu-item menu-item-type-post_type menu-item-object-page menu-item-511\"><a href=\"https:\/\/svkettwig07.de\/en\/anmeldung\/\" class=\"elementor-item menu-link\">Registration<\/a><\/li>\n<li class=\"menu-item menu-item-type-post_type menu-item-object-page menu-item-512\"><a href=\"https:\/\/svkettwig07.de\/en\/agb\/\" class=\"elementor-item menu-link\">GTC<\/a><\/li>\n<li class=\"menu-item menu-item-type-post_type menu-item-object-page menu-item-6573\"><a href=\"https:\/\/svkettwig07.de\/en\/downloads\/\" class=\"elementor-item menu-link\">Downloads<\/a><\/li>\n<\/ul>\t\t\t<\/nav>\n\t\t\t\t\t<div class=\"elementor-menu-toggle\" role=\"button\" tabindex=\"0\" aria-label=\"Menu Toggle\" aria-expanded=\"false\">\n\t\t\t<i aria-hidden=\"true\" role=\"presentation\" class=\"elementor-menu-toggle__icon--open eicon-menu-bar\"><\/i><i aria-hidden=\"true\" role=\"presentation\" class=\"elementor-menu-toggle__icon--close eicon-close\"><\/i>\t\t<\/div>\n\t\t\t\t\t<nav class=\"elementor-nav-menu--dropdown elementor-nav-menu__container\" aria-hidden=\"true\">\n\t\t\t\t<ul id=\"menu-2-4f21872\" class=\"elementor-nav-menu sm-vertical\"><li class=\"menu-item menu-item-type-post_type menu-item-object-page menu-item-506\"><a href=\"https:\/\/svkettwig07.de\/en\/schwimmschule-tortuga\/\" class=\"elementor-item menu-link\" tabindex=\"-1\">Schwimmschule Tortuga<\/a><\/li>\n<li class=\"menu-item menu-item-type-post_type menu-item-object-page menu-item-1429\"><a href=\"https:\/\/svkettwig07.de\/en\/news\/\" class=\"elementor-item menu-link\" tabindex=\"-1\">NEWS<\/a><\/li>\n<li class=\"menu-item menu-item-type-post_type menu-item-object-page menu-item-507\"><a href=\"https:\/\/svkettwig07.de\/en\/team-tortuga\/\" class=\"elementor-item menu-link\" tabindex=\"-1\">Team Tortuga<\/a><\/li>\n<li class=\"menu-item menu-item-type-post_type menu-item-object-page menu-item-508\"><a href=\"https:\/\/svkettwig07.de\/en\/kurse\/\" class=\"elementor-item menu-link\" tabindex=\"-1\">Courses<\/a><\/li>\n<li class=\"menu-item menu-item-type-post_type menu-item-object-page menu-item-509\"><a href=\"https:\/\/svkettwig07.de\/en\/kurszeiten\/\" class=\"elementor-item menu-link\" tabindex=\"-1\">Course Times<\/a><\/li>\n<li class=\"menu-item menu-item-type-post_type menu-item-object-page menu-item-9176\"><a href=\"https:\/\/svkettwig07.de\/en\/intensivkurse\/\" class=\"elementor-item menu-link\" tabindex=\"-1\">Intensivkurse<\/a><\/li>\n<li class=\"menu-item menu-item-type-post_type menu-item-object-page menu-item-510\"><a href=\"https:\/\/svkettwig07.de\/en\/faqs\/\" class=\"elementor-item menu-link\" tabindex=\"-1\">FAQs<\/a><\/li>\n<li class=\"menu-item menu-item-type-post_type menu-item-object-page menu-item-511\"><a href=\"https:\/\/svkettwig07.de\/en\/anmeldung\/\" class=\"elementor-item menu-link\" tabindex=\"-1\">Registration<\/a><\/li>\n<li class=\"menu-item menu-item-type-post_type menu-item-object-page menu-item-512\"><a href=\"https:\/\/svkettwig07.de\/en\/agb\/\" class=\"elementor-item menu-link\" tabindex=\"-1\">GTC<\/a><\/li>\n<li class=\"menu-item menu-item-type-post_type menu-item-object-page menu-item-6573\"><a href=\"https:\/\/svkettwig07.de\/en\/downloads\/\" class=\"elementor-item menu-link\" tabindex=\"-1\">Downloads<\/a><\/li>\n<\/ul>\t\t\t<\/nav>\n\t\t\t\t\t\t<\/div>\n\t\t\t\t<\/div>\n\t\t\t\t\t<\/div>\n\t\t<\/div>\n\t\t\t\t<div class=\"elementor-column elementor-col-33 elementor-top-column elementor-element elementor-element-0f52631\" data-id=\"0f52631\" data-element_type=\"column\" data-e-type=\"column\">\n\t\t\t<div class=\"elementor-widget-wrap elementor-element-populated\">\n\t\t\t\t\t\t<div class=\"elementor-element elementor-element-990da2b elementor-widget elementor-widget-text-editor\" data-id=\"990da2b\" data-element_type=\"widget\" data-e-type=\"widget\" data-widget_type=\"text-editor.default\">\n\t\t\t\t<div class=\"elementor-widget-container\">\n\t\t\t\t\t\t\t\t\t<p>Die Kenntnis \u00fcber die <strong>Baderegeln<\/strong>, <strong>Selbstrettung<\/strong> und <strong>Fremdrettung<\/strong> sind wichtige Bestandteile bei der Abzeichenabnahme, weil sie den Kindern Sicherheit im und am Wasser geben.<\/p><p>Die <span style=\"text-decoration: underline;\"><strong>Baderegeln<\/strong><\/span> sind f\u00fcr alle Abzeichen (<strong>Seepferdchen, Bronze, Silber und Gold<\/strong>) relevant. Sie helfen, Gefahren fr\u00fchzeitig zu erkennen und Unf\u00e4lle zu vermeiden.<\/p><p>Die <span style=\"text-decoration: underline;\"><strong>Selbstrettung<\/strong><\/span> ist eine Anforderung f\u00fcr das <strong>Silber- &amp; Goldabzeichen<\/strong>. Diese ist wichtig, damit Kinder im Notfall in der Lage sind, sich selbst in Sicherheit zu bringen.<\/p><p>Die <span style=\"text-decoration: underline;\"><strong>Fremdrettung<\/strong><\/span> ist eine Anforderung f\u00fcr das <span style=\"text-decoration: underline;\"><strong>Goldabzeichen<\/strong><\/span>. Diese vermittelt den Kindern grundlegende Kenntnisse, um anderen in einer Notlage zu helfen, ohne sich selbst zu gef\u00e4hrden.<\/p>\t\t\t\t\t\t\t\t<\/div>\n\t\t\t\t<\/div>\n\t\t\t\t<div class=\"elementor-element elementor-element-cc4c6e8 elementor-tabs-view-horizontal elementor-widget elementor-widget-tabs\" data-id=\"cc4c6e8\" data-element_type=\"widget\" data-e-type=\"widget\" data-widget_type=\"tabs.default\">\n\t\t\t\t<div class=\"elementor-widget-container\">\n\t\t\t\t\t\t\t<div class=\"elementor-tabs\">\n\t\t\t<div class=\"elementor-tabs-wrapper\" role=\"tablist\" >\n\t\t\t\t\t\t\t\t\t<div id=\"elementor-tab-title-2141\" class=\"elementor-tab-title elementor-tab-desktop-title\" aria-selected=\"true\" data-tab=\"1\" role=\"tab\" tabindex=\"0\" aria-controls=\"elementor-tab-content-2141\" aria-expanded=\"false\">Abzeichen<\/div>\n\t\t\t\t\t\t\t\t\t<div id=\"elementor-tab-title-2142\" class=\"elementor-tab-title elementor-tab-desktop-title\" aria-selected=\"false\" data-tab=\"2\" role=\"tab\" tabindex=\"-1\" aria-controls=\"elementor-tab-content-2142\" aria-expanded=\"false\">Baderegeln<\/div>\n\t\t\t\t\t\t\t\t\t<div id=\"elementor-tab-title-2143\" class=\"elementor-tab-title elementor-tab-desktop-title\" aria-selected=\"false\" data-tab=\"3\" role=\"tab\" tabindex=\"-1\" aria-controls=\"elementor-tab-content-2143\" aria-expanded=\"false\">Selbstrettung<\/div>\n\t\t\t\t\t\t\t\t\t<div id=\"elementor-tab-title-2144\" class=\"elementor-tab-title elementor-tab-desktop-title\" aria-selected=\"false\" data-tab=\"4\" role=\"tab\" tabindex=\"-1\" aria-controls=\"elementor-tab-content-2144\" aria-expanded=\"false\">Fremdrettung<\/div>\n\t\t\t\t\t\t\t<\/div>\n\t\t\t<div class=\"elementor-tabs-content-wrapper\" role=\"tablist\" aria-orientation=\"vertical\">\n\t\t\t\t\t\t\t\t\t<div class=\"elementor-tab-title elementor-tab-mobile-title\" aria-selected=\"true\" data-tab=\"1\" role=\"tab\" tabindex=\"0\" aria-controls=\"elementor-tab-content-2141\" aria-expanded=\"false\">Abzeichen<\/div>\n\t\t\t\t\t<div id=\"elementor-tab-content-2141\" class=\"elementor-tab-content elementor-clearfix\" data-tab=\"1\" role=\"tabpanel\" aria-labelledby=\"elementor-tab-title-2141\" tabindex=\"0\" hidden=\"false\"><p>Die Anforderungen zum Erlangen der jeweiligen Abzeichen finden Sie <a href=\"https:\/\/svkettwig07.de\/wp-content\/uploads\/2022\/01\/Abzeichen_Schwimmschule_Tortuga.pdf\" target=\"_blank\" rel=\"noopener\">here<\/a>.<\/p><\/div>\n\t\t\t\t\t\t\t\t\t<div class=\"elementor-tab-title elementor-tab-mobile-title\" aria-selected=\"false\" data-tab=\"2\" role=\"tab\" tabindex=\"-1\" aria-controls=\"elementor-tab-content-2142\" aria-expanded=\"false\">Baderegeln<\/div>\n\t\t\t\t\t<div id=\"elementor-tab-content-2142\" class=\"elementor-tab-content elementor-clearfix\" data-tab=\"2\" role=\"tabpanel\" aria-labelledby=\"elementor-tab-title-2142\" tabindex=\"0\" hidden=\"hidden\"><ul><li><a href=\"https:\/\/svkettwig07.de\/wp-content\/uploads\/2022\/12\/Tortuga_Baderegeln-DE.pdf\" target=\"_blank\" rel=\"noopener\">Baderegeln &#8211; DE<\/a><\/li><li><a href=\"https:\/\/svkettwig07.de\/wp-content\/uploads\/2022\/12\/Tortuga_Bathing-rules-ENG.pdf\" target=\"_blank\" rel=\"noopener\">Bathing Rules &#8211; ENG<\/a><\/li><li><a href=\"https:\/\/svkettwig07.de\/wp-content\/uploads\/2024\/11\/Tortuga_Baderegeln-ES.pdf\" target=\"_blank\" rel=\"noopener\">Reglas de Nataci\u00f3n &#8211; ES<\/a><\/li><li><a href=\"https:\/\/svkettwig07.de\/wp-content\/uploads\/2024\/11\/Tortuga_Regles-de-Natation-FR.pdf\" target=\"_blank\" rel=\"noopener\">R\u00e8gles de Natation &#8211; FR<\/a><\/li><li><a href=\"https:\/\/svkettwig07.de\/wp-content\/uploads\/2024\/11\/Tortuga_Yuezme-Kurallari-TUR.pdf\" target=\"_blank\" rel=\"noopener\">Y\u00fczme Kurallari &#8211; TUR<\/a><\/li><li><a href=\"https:\/\/svkettwig07.de\/wp-content\/uploads\/2022\/12\/Tortuga_\u041f\u0440\u0430\u0432\u0438\u043b\u0430-\u043a\u0443\u043f\u0430\u043d\u043d\u044f-UKR.pdf\" target=\"_blank\" rel=\"noopener\">\u041f\u0440\u0430\u0432\u0438\u043b\u0430 \u043a\u0443\u043f\u0430\u043d\u043d\u044f &#8211; UKR<\/a><\/li><li><a href=\"https:\/\/svkettwig07.de\/wp-content\/uploads\/2022\/12\/Tortuga_\u043f\u0440\u0430\u0432\u0438\u043b\u0430-\u043a\u0443\u043f\u0430\u043d\u0438\u044f-RUS.pdf\" target=\"_blank\" rel=\"noopener\">\u043f\u0440\u0430\u0432\u0438\u043b\u0430 \u043a\u0443\u043f\u0430\u043d\u0438\u044f &#8211; RUS<\/a><\/li><\/ul><\/div>\n\t\t\t\t\t\t\t\t\t<div class=\"elementor-tab-title elementor-tab-mobile-title\" aria-selected=\"false\" data-tab=\"3\" role=\"tab\" tabindex=\"-1\" aria-controls=\"elementor-tab-content-2143\" aria-expanded=\"false\">Selbstrettung<\/div>\n\t\t\t\t\t<div id=\"elementor-tab-content-2143\" class=\"elementor-tab-content elementor-clearfix\" data-tab=\"3\" role=\"tabpanel\" aria-labelledby=\"elementor-tab-title-2143\" tabindex=\"0\" hidden=\"hidden\"><ul><li><a href=\"https:\/\/svkettwig07.de\/wp-content\/uploads\/2024\/11\/Selbstrettung_DE.pdf\" target=\"_blank\" rel=\"noopener\">Selbstrettung &#8211; DE<\/a><\/li><li><a href=\"https:\/\/svkettwig07.de\/wp-content\/uploads\/2024\/11\/Self-Rescue_ENG.pdf\" target=\"_blank\" rel=\"noopener\">Self-Rescue &#8211; ENG<\/a><\/li><li><a href=\"https:\/\/svkettwig07.de\/wp-content\/uploads\/2024\/11\/Autorrescate_ES.pdf\" target=\"_blank\" rel=\"noopener\">Autorrescate &#8211; ES<\/a><\/li><li><a href=\"https:\/\/svkettwig07.de\/wp-content\/uploads\/2024\/11\/L\u2018autosauvetage_FR.pdf\" target=\"_blank\" rel=\"noopener\">L&#8217;autosauvetage &#8211; FR<\/a><\/li><li><a href=\"https:\/\/svkettwig07.de\/wp-content\/uploads\/2024\/11\/Kendi-kendine-kurtulma_TUR.pdf\" target=\"_blank\" rel=\"noopener\">Kendi kendine kurtulma &#8211; TUR<\/a><\/li><li><a href=\"https:\/\/svkettwig07.de\/wp-content\/uploads\/2024\/11\/\u0421\u0430\u043c\u043e\u043f\u043e\u0440\u044f\u0442\u0443\u043d\u043e\u043a_UKR.pdf\" target=\"_blank\" rel=\"noopener\">\u0421\u0430\u043c\u043e\u043f\u043e\u0440\u044f\u0442\u0443\u043d\u043e\u043a &#8211; UKR<\/a><\/li><li><a href=\"https:\/\/svkettwig07.de\/wp-content\/uploads\/2024\/11\/\u0421\u0430\u043c\u043e\u0441\u043f\u0430\u0441\u0435\u043d\u0438\u0435_RUS.pdf\" target=\"_blank\" rel=\"noopener\">\u0421\u0430\u043c\u043e\u0441\u043f\u0430\u0441\u0435\u043d\u0438\u0435 &#8211; RUS<\/a><\/li><\/ul><\/div>\n\t\t\t\t\t\t\t\t\t<div class=\"elementor-tab-title elementor-tab-mobile-title\" aria-selected=\"false\" data-tab=\"4\" role=\"tab\" tabindex=\"-1\" aria-controls=\"elementor-tab-content-2144\" aria-expanded=\"false\">Fremdrettung<\/div>\n\t\t\t\t\t<div id=\"elementor-tab-content-2144\" class=\"elementor-tab-content elementor-clearfix\" data-tab=\"4\" role=\"tabpanel\" aria-labelledby=\"elementor-tab-title-2144\" tabindex=\"0\" hidden=\"hidden\"><ul><li><a href=\"https:\/\/svkettwig07.de\/wp-content\/uploads\/2024\/11\/Fremdrettung_DE.pdf\" target=\"_blank\" rel=\"noopener\">Fremdrettung &#8211; DE<\/a><\/li><li><a href=\"https:\/\/svkettwig07.de\/wp-content\/uploads\/2024\/11\/External-rescue_ENG.pdf\" target=\"_blank\" rel=\"noopener\">External rescue &#8211; ENG<\/a><\/li><li><a href=\"https:\/\/svkettwig07.de\/wp-content\/uploads\/2024\/11\/Rescate-externo_ES.pdf\" target=\"_blank\" rel=\"noopener\">Rescato externo &#8211; ES<\/a><\/li><li><a href=\"https:\/\/svkettwig07.de\/wp-content\/uploads\/2024\/11\/Sauvetage-externe_FR.pdf\" target=\"_blank\" rel=\"noopener\">Sauvetage externe &#8211; FR<\/a><\/li><li><a href=\"https:\/\/svkettwig07.de\/wp-content\/uploads\/2024\/11\/Baskalarini-Kurtarma_TUR.pdf\" target=\"_blank\" rel=\"noopener\">Ba\u015fkalar\u0131n\u0131 Kurtarma &#8211; TUR<\/a><\/li><li><a href=\"https:\/\/svkettwig07.de\/wp-content\/uploads\/2024\/11\/\u0437\u043e\u0432\u043d\u0456\u0448\u043d\u0456\u0439-\u043f\u043e\u0440\u044f\u0442\u0443\u043d\u043e\u043a_UKR.pdf\" target=\"_blank\" rel=\"noopener\">\u0437\u043e\u0432\u043d\u0456\u0448\u043d\u0456\u0439 \u043f\u043e\u0440\u044f\u0442\u0443\u043d\u043e\u043a &#8211; UKR<\/a><\/li><li><a href=\"https:\/\/svkettwig07.de\/wp-content\/uploads\/2024\/11\/\u0432\u043d\u0435\u0448\u043d\u0435\u0435-\u0441\u043f\u0430\u0441\u0435\u043d\u0438\u0435_RUS.pdf\" target=\"_blank\" rel=\"noopener\">\u0432\u043d\u0435\u0448\u043d\u0435\u0435 \u0441\u043f\u0430\u0441\u0435\u043d\u0438\u0435 &#8211; RUS<\/a><\/li><\/ul><\/div>\n\t\t\t\t\t\t\t<\/div>\n\t\t<\/div>\n\t\t\t\t\t\t<\/div>\n\t\t\t\t<\/div>\n\t\t\t\t\t<\/div>\n\t\t<\/div>\n\t\t\t\t<div class=\"elementor-column elementor-col-33 elementor-top-column elementor-element elementor-element-cbb136c\" data-id=\"cbb136c\" data-element_type=\"column\" data-e-type=\"column\">\n\t\t\t<div class=\"elementor-widget-wrap\">\n\t\t\t\t\t\t\t<\/div>\n\t\t<\/div>\n\t\t\t\t\t<\/div>\n\t\t<\/section>\n\t\t\t\t<\/div>","protected":false},"excerpt":{"rendered":"<p>Schwimmschule Tortuga &#8211; SV Kettwig 1907 e.V. &#8211; Downloads Die Kenntnis \u00fcber die Baderegeln, Selbstrettung und Fremdrettung sind wichtige Bestandteile bei der Abzeichenabnahme, weil sie den Kindern Sicherheit im und am Wasser geben. Die Baderegeln sind f\u00fcr alle Abzeichen (Seepferdchen, Bronze, Silber und Gold) relevant. Sie helfen, Gefahren fr\u00fchzeitig zu erkennen und Unf\u00e4lle zu vermeiden. [&hellip;]<\/p>\n","protected":false},"author":2,"featured_media":0,"parent":0,"menu_order":53,"comment_status":"closed","ping_status":"closed","template":"","meta":{"site-sidebar-layout":"no-sidebar","site-content-layout":"page-builder","ast-site-content-layout":"full-width-container","site-content-style":"default","site-sidebar-style":"default","ast-global-header-display":"","ast-banner-title-visibility":"","ast-main-header-display":"","ast-hfb-above-header-display":"","ast-hfb-below-header-display":"","ast-hfb-mobile-header-display":"","site-post-title":"disabled","ast-breadcrumbs-content":"","ast-featured-img":"disabled","footer-sml-layout":"","ast-disable-related-posts":"","theme-transparent-header-meta":"","adv-header-id-meta":"","stick-header-meta":"","header-above-stick-meta":"","header-main-stick-meta":"","header-below-stick-meta":"","astra-migrate-meta-layouts":"set","ast-page-background-enabled":"default","ast-page-background-meta":{"desktop":{"background-color":"var(--ast-global-color-4)","background-image":"","background-repeat":"repeat","background-position":"center center","background-size":"auto","background-attachment":"scroll","background-type":"","background-media":"","overlay-type":"","overlay-color":"","overlay-opacity":"","overlay-gradient":""},"tablet":{"background-color":"","background-image":"","background-repeat":"repeat","background-position":"center center","background-size":"auto","background-attachment":"scroll","background-type":"","background-media":"","overlay-type":"","overlay-color":"","overlay-opacity":"","overlay-gradient":""},"mobile":{"background-color":"","background-image":"","background-repeat":"repeat","background-position":"center center","background-size":"auto","background-attachment":"scroll","background-type":"","background-media":"","overlay-type":"","overlay-color":"","overlay-opacity":"","overlay-gradient":""}},"ast-content-background-meta":{"desktop":{"background-color":"var(--ast-global-color-5)","background-image":"","background-repeat":"repeat","background-position":"center center","background-size":"auto","background-attachment":"scroll","background-type":"","background-media":"","overlay-type":"","overlay-color":"","overlay-opacity":"","overlay-gradient":""},"tablet":{"background-color":"var(--ast-global-color-5)","background-image":"","background-repeat":"repeat","background-position":"center center","background-size":"auto","background-attachment":"scroll","background-type":"","background-media":"","overlay-type":"","overlay-color":"","overlay-opacity":"","overlay-gradient":""},"mobile":{"background-color":"var(--ast-global-color-5)","background-image":"","background-repeat":"repeat","background-position":"center center","background-size":"auto","background-attachment":"scroll","background-type":"","background-media":"","overlay-type":"","overlay-color":"","overlay-opacity":"","overlay-gradient":""}},"footnotes":""},"class_list":["post-6562","page","type-page","status-publish","hentry"],"_links":{"self":[{"href":"https:\/\/svkettwig07.de\/en\/wp-json\/wp\/v2\/pages\/6562","targetHints":{"allow":["GET"]}}],"collection":[{"href":"https:\/\/svkettwig07.de\/en\/wp-json\/wp\/v2\/pages"}],"about":[{"href":"https:\/\/svkettwig07.de\/en\/wp-json\/wp\/v2\/types\/page"}],"author":[{"embeddable":true,"href":"https:\/\/svkettwig07.de\/en\/wp-json\/wp\/v2\/users\/2"}],"replies":[{"embeddable":true,"href":"https:\/\/svkettwig07.de\/en\/wp-json\/wp\/v2\/comments?post=6562"}],"version-history":[{"count":25,"href":"https:\/\/svkettwig07.de\/en\/wp-json\/wp\/v2\/pages\/6562\/revisions"}],"predecessor-version":[{"id":9261,"href":"https:\/\/svkettwig07.de\/en\/wp-json\/wp\/v2\/pages\/6562\/revisions\/9261"}],"wp:attachment":[{"href":"https:\/\/svkettwig07.de\/en\/wp-json\/wp\/v2\/media?parent=6562"}],"curies":[{"name":"wp","href":"https:\/\/api.w.org\/{rel}","templated":true}]}}